{"id":218100,"date":"2020-03-15T19:49:16","date_gmt":"2020-03-15T19:49:16","guid":{"rendered":"https:\/\/mariof.es\/calculadora-de-danos-causados-por-coronavirus\/"},"modified":"2023-05-12T09:49:19","modified_gmt":"2023-05-12T09:49:19","slug":"calculadora-de-danos-causados-por-coronavirus","status":"publish","type":"page","link":"https:\/\/mariof.es\/es\/calculadora-de-danos-causados-por-coronavirus\/","title":{"rendered":"Calculadora de da\u00f1os causados por coronavirus"},"content":{"rendered":"\t\t<div data-elementor-type=\"wp-page\" data-elementor-id=\"218100\" class=\"elementor elementor-218100 elementor-217946\" data-elementor-post-type=\"page\">\n\t\t\t\t\t\t<section class=\"elementor-section elementor-top-section elementor-element elementor-element-58b926 elementor-section-full_width elementor-section-content-middle elementor-section-stretched elementor-section-height-default elementor-section-height-default\" data-id=\"58b926\" data-element_type=\"section\" data-e-type=\"section\" data-settings=\"{&quot;background_background&quot;:&quot;classic&quot;,&quot;stretch_section&quot;:&quot;section-stretched&quot;}\">\n\t\t\t\t\t\t\t<div class=\"elementor-background-overlay\"><\/div>\n\t\t\t\t\t\t\t<div class=\"elementor-container elementor-column-gap-default\">\n\t\t\t\t\t<div class=\"elementor-column elementor-col-100 elementor-top-column elementor-element elementor-element-27351f64\" data-id=\"27351f64\" data-element_type=\"column\" data-e-type=\"column\">\n\t\t\t<div class=\"elementor-widget-wrap elementor-element-populated\">\n\t\t\t\t\t\t<div class=\"elementor-element elementor-element-19143f61 elementor-widget elementor-widget-image\" data-id=\"19143f61\" data-element_type=\"widget\" data-e-type=\"widget\" data-widget_type=\"image.default\">\n\t\t\t\t<div class=\"elementor-widget-container\">\n\t\t\t\t\t\t\t\t\t\t\t\t\t\t\t<img decoding=\"async\" src=\"https:\/\/mariof.es\/wp-content\/uploads\/2020\/03\/coronavirus-calculator-log.png\" title=\"\" alt=\"\" loading=\"lazy\" \/>\t\t\t\t\t\t\t\t\t\t\t\t\t\t\t<\/div>\n\t\t\t\t<\/div>\n\t\t\t\t<div class=\"elementor-element elementor-element-47854763 elementor-widget elementor-widget-heading\" data-id=\"47854763\" data-element_type=\"widget\" data-e-type=\"widget\" data-widget_type=\"heading.default\">\n\t\t\t\t<div class=\"elementor-widget-container\">\n\t\t\t\t\t<h2 class=\"elementor-heading-title elementor-size-large\">CALCULADORA DE DA\u00d1OS PRODUCIDOS<br> POR CORONA VIRUS<\/h2>\t\t\t\t<\/div>\n\t\t\t\t<\/div>\n\t\t\t\t<div class=\"elementor-element elementor-element-270c4bb elementor-widget elementor-widget-text-editor\" data-id=\"270c4bb\" data-element_type=\"widget\" data-e-type=\"widget\" data-widget_type=\"text-editor.default\">\n\t\t\t\t<div class=\"elementor-widget-container\">\n\t\t\t\t\t\t\t\t\t<h4><span style=\"color: #ffffff;\">Calcula posibles da\u00f1os de coronavirus en tu ciudad o provincia<\/span><\/h4>\t\t\t\t\t\t\t\t<\/div>\n\t\t\t\t<\/div>\n\t\t\t\t<section class=\"elementor-section elementor-inner-section elementor-element elementor-element-60d95800 elementor-section-boxed elementor-section-height-default elementor-section-height-default\" data-id=\"60d95800\" data-element_type=\"section\" data-e-type=\"section\">\n\t\t\t\t\t\t<div class=\"elementor-container elementor-column-gap-wider\">\n\t\t\t\t\t<div class=\"elementor-column elementor-col-50 elementor-inner-column elementor-element elementor-element-15ba2c5\" data-id=\"15ba2c5\" data-element_type=\"column\" data-e-type=\"column\">\n\t\t\t<div class=\"elementor-widget-wrap elementor-element-populated\">\n\t\t\t\t\t\t<div class=\"elementor-element elementor-element-488b9176 elementor-align-center elementor-mobile-align-center elementor-widget elementor-widget-button\" data-id=\"488b9176\" data-element_type=\"widget\" data-e-type=\"widget\" data-widget_type=\"button.default\">\n\t\t\t\t<div class=\"elementor-widget-container\">\n\t\t\t\t\t\t\t\t\t<div class=\"elementor-button-wrapper\">\n\t\t\t\t\t<a class=\"elementor-button elementor-button-link elementor-size-sm\" href=\"#itali\">\n\t\t\t\t\t\t<span class=\"elementor-button-content-wrapper\">\n\t\t\t\t\t\t\t\t\t<span class=\"elementor-button-text\">Calcular escenario italiano<\/span>\n\t\t\t\t\t<\/span>\n\t\t\t\t\t<\/a>\n\t\t\t\t<\/div>\n\t\t\t\t\t\t\t\t<\/div>\n\t\t\t\t<\/div>\n\t\t\t\t\t<\/div>\n\t\t<\/div>\n\t\t\t\t<div class=\"elementor-column elementor-col-50 elementor-inner-column elementor-element elementor-element-4af0e1ee\" data-id=\"4af0e1ee\" data-element_type=\"column\" data-e-type=\"column\">\n\t\t\t<div class=\"elementor-widget-wrap elementor-element-populated\">\n\t\t\t\t\t\t<div class=\"elementor-element elementor-element-4dfb3f39 elementor-align-center elementor-mobile-align-center elementor-widget elementor-widget-button\" data-id=\"4dfb3f39\" data-element_type=\"widget\" data-e-type=\"widget\" data-widget_type=\"button.default\">\n\t\t\t\t<div class=\"elementor-widget-container\">\n\t\t\t\t\t\t\t\t\t<div class=\"elementor-button-wrapper\">\n\t\t\t\t\t<a class=\"elementor-button elementor-button-link elementor-size-sm\" href=\"#chi\">\n\t\t\t\t\t\t<span class=\"elementor-button-content-wrapper\">\n\t\t\t\t\t\t\t\t\t<span class=\"elementor-button-text\">Calcular ESCENARIO DE CHINA<\/span>\n\t\t\t\t\t<\/span>\n\t\t\t\t\t<\/a>\n\t\t\t\t<\/div>\n\t\t\t\t\t\t\t\t<\/div>\n\t\t\t\t<\/div>\n\t\t\t\t\t<\/div>\n\t\t<\/div>\n\t\t\t\t\t<\/div>\n\t\t<\/section>\n\t\t\t\t\t<\/div>\n\t\t<\/div>\n\t\t\t\t\t<\/div>\n\t\t<\/section>\n\t\t\t\t<section class=\"elementor-section elementor-top-section elementor-element elementor-element-7795ebc elementor-section-boxed elementor-section-height-default elementor-section-height-default\" data-id=\"7795ebc\" data-element_type=\"section\" data-e-type=\"section\">\n\t\t\t\t\t\t<div class=\"elementor-container elementor-column-gap-default\">\n\t\t\t\t\t<div class=\"elementor-column elementor-col-100 elementor-top-column elementor-element elementor-element-b050165\" data-id=\"b050165\" data-element_type=\"column\" data-e-type=\"column\">\n\t\t\t<div class=\"elementor-widget-wrap elementor-element-populated\">\n\t\t\t\t\t\t<div class=\"elementor-element elementor-element-2dc3d1d elementor-widget elementor-widget-spacer\" data-id=\"2dc3d1d\" data-element_type=\"widget\" data-e-type=\"widget\" data-widget_type=\"spacer.default\">\n\t\t\t\t<div class=\"elementor-widget-container\">\n\t\t\t\t\t\t\t<div class=\"elementor-spacer\">\n\t\t\t<div class=\"elementor-spacer-inner\"><\/div>\n\t\t<\/div>\n\t\t\t\t\t\t<\/div>\n\t\t\t\t<\/div>\n\t\t\t\t<div class=\"elementor-element elementor-element-8b245c3 chi elementor-widget elementor-widget-wp-widget-text\" data-id=\"8b245c3\" data-element_type=\"widget\" data-e-type=\"widget\" id=\"chi\" data-widget_type=\"wp-widget-text.default\">\n\t\t\t\t<div class=\"elementor-widget-container\">\n\t\t\t\t\t\t\t\t<div class=\"textwidget\"><p>[CP_CALCULATED_FIELDS id=\u00bb7&#8243;]<\/p>\n<\/div>\n\t\t\t\t\t\t<\/div>\n\t\t\t\t<\/div>\n\t\t\t\t\t<\/div>\n\t\t<\/div>\n\t\t\t\t\t<\/div>\n\t\t<\/section>\n\t\t\t\t<section class=\"elementor-section elementor-top-section elementor-element elementor-element-7b3dca3 elementor-section-boxed elementor-section-height-default elementor-section-height-default\" data-id=\"7b3dca3\" data-element_type=\"section\" data-e-type=\"section\">\n\t\t\t\t\t\t<div class=\"elementor-container elementor-column-gap-default\">\n\t\t\t\t\t<div class=\"elementor-column elementor-col-100 elementor-top-column elementor-element elementor-element-6f113dc\" data-id=\"6f113dc\" data-element_type=\"column\" data-e-type=\"column\">\n\t\t\t<div class=\"elementor-widget-wrap elementor-element-populated\">\n\t\t\t\t\t\t<div class=\"elementor-element elementor-element-9ff6851 elementor-widget-divider--view-line elementor-widget elementor-widget-divider\" data-id=\"9ff6851\" data-element_type=\"widget\" data-e-type=\"widget\" data-widget_type=\"divider.default\">\n\t\t\t\t<div class=\"elementor-widget-container\">\n\t\t\t\t\t\t\t<div class=\"elementor-divider\">\n\t\t\t<span class=\"elementor-divider-separator\">\n\t\t\t\t\t\t<\/span>\n\t\t<\/div>\n\t\t\t\t\t\t<\/div>\n\t\t\t\t<\/div>\n\t\t\t\t\t<\/div>\n\t\t<\/div>\n\t\t\t\t\t<\/div>\n\t\t<\/section>\n\t\t\t\t<section class=\"elementor-section elementor-top-section elementor-element elementor-element-02e110f elementor-section-boxed elementor-section-height-default elementor-section-height-default\" data-id=\"02e110f\" data-element_type=\"section\" data-e-type=\"section\">\n\t\t\t\t\t\t<div class=\"elementor-container elementor-column-gap-default\">\n\t\t\t\t\t<div class=\"elementor-column elementor-col-100 elementor-top-column elementor-element elementor-element-6445b88\" data-id=\"6445b88\" data-element_type=\"column\" data-e-type=\"column\">\n\t\t\t<div class=\"elementor-widget-wrap elementor-element-populated\">\n\t\t\t\t\t\t<div class=\"elementor-element elementor-element-d900e3b itali elementor-widget elementor-widget-wp-widget-text\" data-id=\"d900e3b\" data-element_type=\"widget\" data-e-type=\"widget\" id=\"itali\" data-widget_type=\"wp-widget-text.default\">\n\t\t\t\t<div class=\"elementor-widget-container\">\n\t\t\t\t\t\t\t\t<div class=\"textwidget\"><p>[CP_CALCULATED_FIELDS id=\u00bb8&#8243;]<\/p>\n<\/div>\n\t\t\t\t\t\t<\/div>\n\t\t\t\t<\/div>\n\t\t\t\t\t<\/div>\n\t\t<\/div>\n\t\t\t\t\t<\/div>\n\t\t<\/section>\n\t\t\t\t<\/div>\n\t\t","protected":false},"excerpt":{"rendered":"<p>CALCULADORA DE DA\u00d1OS PRODUCIDOS POR CORONA VIRUS Calcula posibles da\u00f1os de coronavirus en tu ciudad o provincia Calcular escenario italiano Calcular ESCENARIO DE CHINA<\/p>\n","protected":false},"author":1002133,"featured_media":0,"parent":0,"menu_order":0,"comment_status":"open","ping_status":"closed","template":"","meta":{"footnotes":""},"class_list":["post-218100","page","type-page","status-publish","hentry"],"yoast_head":"<!-- This site is optimized with the Yoast SEO plugin v27.5 - https:\/\/yoast.com\/product\/yoast-seo-wordpress\/ -->\n<title>Calculadora de da\u00f1os causados por coronavirus<\/title>\n<meta name=\"description\" content=\"Calcula los da\u00f1os estimados por coronavirus en tu ciudad o \u00e1rea.\" \/>\n<meta name=\"robots\" content=\"index, follow, max-snippet:-1, max-image-preview:large, max-video-preview:-1\" \/>\n<link rel=\"canonical\" href=\"https:\/\/mariof.es\/calculadora-de-danos-causados-por-coronavirus\/\" \/>\n<meta property=\"og:locale\" content=\"es_ES\" \/>\n<meta property=\"og:type\" content=\"article\" \/>\n<meta property=\"og:title\" content=\"Calculadora de da\u00f1os causados por coronavirus\" \/>\n<meta property=\"og:description\" content=\"Calcula los da\u00f1os estimados por coronavirus en tu ciudad o \u00e1rea.\" \/>\n<meta property=\"og:url\" content=\"https:\/\/mariof.es\/calculadora-de-danos-causados-por-coronavirus\/\" \/>\n<meta property=\"og:site_name\" content=\"Mario F.\" \/>\n<meta property=\"article:publisher\" content=\"https:\/\/www.facebook.com\/Yapa-110659060486905\/\" \/>\n<meta property=\"article:modified_time\" content=\"2023-05-12T09:49:19+00:00\" \/>\n<meta property=\"og:image\" content=\"https:\/\/mariof.es\/wp-content\/uploads\/2020\/03\/coronavirus-calculator-log.png\" \/>\n<meta name=\"twitter:card\" content=\"summary_large_image\" \/>\n<meta name=\"twitter:label1\" content=\"Tiempo de lectura\" \/>\n\t<meta name=\"twitter:data1\" content=\"2 minutos\" \/>\n<script type=\"application\/ld+json\" class=\"yoast-schema-graph\">{\"@context\":\"https:\\\/\\\/schema.org\",\"@graph\":[{\"@type\":\"WebPage\",\"@id\":\"https:\\\/\\\/mariof.es\\\/calculadora-de-danos-causados-por-coronavirus\\\/\",\"url\":\"https:\\\/\\\/mariof.es\\\/calculadora-de-danos-causados-por-coronavirus\\\/\",\"name\":\"Calculadora de da\u00f1os causados por coronavirus\",\"isPartOf\":{\"@id\":\"https:\\\/\\\/mariof.es\\\/#website\"},\"primaryImageOfPage\":{\"@id\":\"https:\\\/\\\/mariof.es\\\/calculadora-de-danos-causados-por-coronavirus\\\/#primaryimage\"},\"image\":{\"@id\":\"https:\\\/\\\/mariof.es\\\/calculadora-de-danos-causados-por-coronavirus\\\/#primaryimage\"},\"thumbnailUrl\":\"https:\\\/\\\/mariof.es\\\/wp-content\\\/uploads\\\/2020\\\/03\\\/coronavirus-calculator-log.png\",\"datePublished\":\"2020-03-15T19:49:16+00:00\",\"dateModified\":\"2023-05-12T09:49:19+00:00\",\"description\":\"Calcula los da\u00f1os estimados por coronavirus en tu ciudad o \u00e1rea.\",\"breadcrumb\":{\"@id\":\"https:\\\/\\\/mariof.es\\\/calculadora-de-danos-causados-por-coronavirus\\\/#breadcrumb\"},\"inLanguage\":\"es\",\"potentialAction\":[{\"@type\":\"ReadAction\",\"target\":[\"https:\\\/\\\/mariof.es\\\/calculadora-de-danos-causados-por-coronavirus\\\/\"]}]},{\"@type\":\"ImageObject\",\"inLanguage\":\"es\",\"@id\":\"https:\\\/\\\/mariof.es\\\/calculadora-de-danos-causados-por-coronavirus\\\/#primaryimage\",\"url\":\"https:\\\/\\\/mariof.es\\\/wp-content\\\/uploads\\\/2020\\\/03\\\/coronavirus-calculator-log.png\",\"contentUrl\":\"https:\\\/\\\/mariof.es\\\/wp-content\\\/uploads\\\/2020\\\/03\\\/coronavirus-calculator-log.png\"},{\"@type\":\"BreadcrumbList\",\"@id\":\"https:\\\/\\\/mariof.es\\\/calculadora-de-danos-causados-por-coronavirus\\\/#breadcrumb\",\"itemListElement\":[{\"@type\":\"ListItem\",\"position\":1,\"name\":\"Portada\",\"item\":\"https:\\\/\\\/mariof.es\\\/es\\\/\"},{\"@type\":\"ListItem\",\"position\":2,\"name\":\"Calculadora de da\u00f1os causados por coronavirus\"}]},{\"@type\":\"WebSite\",\"@id\":\"https:\\\/\\\/mariof.es\\\/#website\",\"url\":\"https:\\\/\\\/mariof.es\\\/\",\"name\":\"Mario F.\",\"description\":\"Fotografo y dise\u00f1ador web\",\"potentialAction\":[{\"@type\":\"SearchAction\",\"target\":{\"@type\":\"EntryPoint\",\"urlTemplate\":\"https:\\\/\\\/mariof.es\\\/?s={search_term_string}\"},\"query-input\":{\"@type\":\"PropertyValueSpecification\",\"valueRequired\":true,\"valueName\":\"search_term_string\"}}],\"inLanguage\":\"es\"}]}<\/script>\n<!-- \/ Yoast SEO plugin. -->","yoast_head_json":{"title":"Calculadora de da\u00f1os causados por coronavirus","description":"Calcula los da\u00f1os estimados por coronavirus en tu ciudad o \u00e1rea.","robots":{"index":"index","follow":"follow","max-snippet":"max-snippet:-1","max-image-preview":"max-image-preview:large","max-video-preview":"max-video-preview:-1"},"canonical":"https:\/\/mariof.es\/calculadora-de-danos-causados-por-coronavirus\/","og_locale":"es_ES","og_type":"article","og_title":"Calculadora de da\u00f1os causados por coronavirus","og_description":"Calcula los da\u00f1os estimados por coronavirus en tu ciudad o \u00e1rea.","og_url":"https:\/\/mariof.es\/calculadora-de-danos-causados-por-coronavirus\/","og_site_name":"Mario F.","article_publisher":"https:\/\/www.facebook.com\/Yapa-110659060486905\/","article_modified_time":"2023-05-12T09:49:19+00:00","og_image":[{"url":"https:\/\/mariof.es\/wp-content\/uploads\/2020\/03\/coronavirus-calculator-log.png","type":"","width":"","height":""}],"twitter_card":"summary_large_image","twitter_misc":{"Tiempo de lectura":"2 minutos"},"schema":{"@context":"https:\/\/schema.org","@graph":[{"@type":"WebPage","@id":"https:\/\/mariof.es\/calculadora-de-danos-causados-por-coronavirus\/","url":"https:\/\/mariof.es\/calculadora-de-danos-causados-por-coronavirus\/","name":"Calculadora de da\u00f1os causados por coronavirus","isPartOf":{"@id":"https:\/\/mariof.es\/#website"},"primaryImageOfPage":{"@id":"https:\/\/mariof.es\/calculadora-de-danos-causados-por-coronavirus\/#primaryimage"},"image":{"@id":"https:\/\/mariof.es\/calculadora-de-danos-causados-por-coronavirus\/#primaryimage"},"thumbnailUrl":"https:\/\/mariof.es\/wp-content\/uploads\/2020\/03\/coronavirus-calculator-log.png","datePublished":"2020-03-15T19:49:16+00:00","dateModified":"2023-05-12T09:49:19+00:00","description":"Calcula los da\u00f1os estimados por coronavirus en tu ciudad o \u00e1rea.","breadcrumb":{"@id":"https:\/\/mariof.es\/calculadora-de-danos-causados-por-coronavirus\/#breadcrumb"},"inLanguage":"es","potentialAction":[{"@type":"ReadAction","target":["https:\/\/mariof.es\/calculadora-de-danos-causados-por-coronavirus\/"]}]},{"@type":"ImageObject","inLanguage":"es","@id":"https:\/\/mariof.es\/calculadora-de-danos-causados-por-coronavirus\/#primaryimage","url":"https:\/\/mariof.es\/wp-content\/uploads\/2020\/03\/coronavirus-calculator-log.png","contentUrl":"https:\/\/mariof.es\/wp-content\/uploads\/2020\/03\/coronavirus-calculator-log.png"},{"@type":"BreadcrumbList","@id":"https:\/\/mariof.es\/calculadora-de-danos-causados-por-coronavirus\/#breadcrumb","itemListElement":[{"@type":"ListItem","position":1,"name":"Portada","item":"https:\/\/mariof.es\/es\/"},{"@type":"ListItem","position":2,"name":"Calculadora de da\u00f1os causados por coronavirus"}]},{"@type":"WebSite","@id":"https:\/\/mariof.es\/#website","url":"https:\/\/mariof.es\/","name":"Mario F.","description":"Fotografo y dise\u00f1ador web","potentialAction":[{"@type":"SearchAction","target":{"@type":"EntryPoint","urlTemplate":"https:\/\/mariof.es\/?s={search_term_string}"},"query-input":{"@type":"PropertyValueSpecification","valueRequired":true,"valueName":"search_term_string"}}],"inLanguage":"es"}]}},"_links":{"self":[{"href":"https:\/\/mariof.es\/es\/wp-json\/wp\/v2\/pages\/218100","targetHints":{"allow":["GET"]}}],"collection":[{"href":"https:\/\/mariof.es\/es\/wp-json\/wp\/v2\/pages"}],"about":[{"href":"https:\/\/mariof.es\/es\/wp-json\/wp\/v2\/types\/page"}],"author":[{"embeddable":true,"href":"https:\/\/mariof.es\/es\/wp-json\/wp\/v2\/users\/1002133"}],"replies":[{"embeddable":true,"href":"https:\/\/mariof.es\/es\/wp-json\/wp\/v2\/comments?post=218100"}],"version-history":[{"count":21,"href":"https:\/\/mariof.es\/es\/wp-json\/wp\/v2\/pages\/218100\/revisions"}],"predecessor-version":[{"id":225539,"href":"https:\/\/mariof.es\/es\/wp-json\/wp\/v2\/pages\/218100\/revisions\/225539"}],"wp:attachment":[{"href":"https:\/\/mariof.es\/es\/wp-json\/wp\/v2\/media?parent=218100"}],"curies":[{"name":"wp","href":"https:\/\/api.w.org\/{rel}","templated":true}]}}