{"id":220286,"date":"2020-12-09T19:58:41","date_gmt":"2020-12-09T19:58:41","guid":{"rendered":"https:\/\/mariof.es\/?page_id=220286"},"modified":"2020-12-09T19:59:47","modified_gmt":"2020-12-09T19:59:47","slug":"politica-de-privacidad","status":"publish","type":"page","link":"https:\/\/mariof.es\/es\/politica-de-privacidad\/","title":{"rendered":"Pol\u00edtica de privacidad"},"content":{"rendered":"\t\t<div data-elementor-type=\"wp-page\" data-elementor-id=\"220286\" class=\"elementor elementor-220286\" data-elementor-post-type=\"page\">\n\t\t\t\t\t\t<section class=\"elementor-section elementor-top-section elementor-element elementor-element-8f0bd16 elementor-section-boxed elementor-section-height-default elementor-section-height-default\" data-id=\"8f0bd16\" data-element_type=\"section\" data-e-type=\"section\">\n\t\t\t\t\t\t<div class=\"elementor-container elementor-column-gap-default\">\n\t\t\t\t\t<div class=\"elementor-column elementor-col-100 elementor-top-column elementor-element elementor-element-7d84de5\" data-id=\"7d84de5\" data-element_type=\"column\" data-e-type=\"column\">\n\t\t\t<div class=\"elementor-widget-wrap elementor-element-populated\">\n\t\t\t\t\t\t<div class=\"elementor-element elementor-element-a42eaea elementor-widget elementor-widget-wp-widget-text\" data-id=\"a42eaea\" data-element_type=\"widget\" data-e-type=\"widget\" data-widget_type=\"wp-widget-text.default\">\n\t\t\t\t<div class=\"elementor-widget-container\">\n\t\t\t\t\t\t\t\t<div class=\"textwidget\"><p>Esta Pol\u00edtica de Privacidad tiene por objeto informar a los usuarios y visitantes de nuestro sitio web https:\/\/mariof.es de todo lo relativo a la recogida y tratamiento de sus datos personales. Yapa.es, se reserva el derecho de modificar y\/o actualizar esta pol\u00edtica de forma peri\u00f3dica, con el fin de adaptarla a la legislaci\u00f3n aplicable en cada momento.<\/p>\n<p>1. PROTECCI\u00d3N DE DATOS DE CARACTER PERSONAL<br \/>\nCualquier tratamiento de datos de car\u00e1cter personal que yapa.es efect\u00faa utilizando esta p\u00e1gina Web, se realiza aplicando la Ley Org\u00e1nica 15\/1.999, de 13 de diciembre, de Protecci\u00f3n de Datos de Car\u00e1cter Personal (LOPD).<\/p>\n<p>2. RECOGIDA DE INFORMACI\u00d3N<br \/>\nYapa.es informa a todos los usuarios de este sitio Web que no est\u00e1n obligados a proporcionar ning\u00fan dato de car\u00e1cter personal para el uso del mismo.<br \/>\nVoluntariamente el usuario podr\u00e1 proporcionar sus datos con motivo del env\u00edo de alg\u00fan formulario electr\u00f3nico incluido en esta Web, en cuyo caso acepta expl\u00edcitamente la incorporaci\u00f3n de sus datos a los ficheros automatizados referidos a dichos formularios, as\u00ed como la participaci\u00f3n en diferentes servicios que se ofrecen en este sitio Web, incluido el servicio de ofertas de empleo que pudiera ofrecerse.<br \/>\n3. ACCESO A LA INFORMACI\u00d3N<br \/>\nCualquier persona que haya entregado datos de car\u00e1cter personal a Yapa.es tiene derecho de acceso, rectificaci\u00f3n, cancelaci\u00f3n y oposici\u00f3n respecto a los mismos, seg\u00fan lo establecido en la Ley 15\/1999, de 13 de diciembre, de Protecci\u00f3n de Datos de Car\u00e1cter Personal.<br \/>\nEl usuario podr\u00e1 ejercer su derecho respecto a los datos recogidos que le conciernen, a trav\u00e9s del correo electr\u00f3nico mario@mariof.es o dirigi\u00e9ndose a Mario Fajt con domicilio Calle Camilo Jos\u00e9 Cela, 4, Apt 27-1, 29603 Marbella, M\u00e1laga<br \/>\n4. MODIFICACI\u00d3N DE LA POL\u00cdTICA DE PRIVACIDAD<br \/>\nYapa.es se reserva el derecho de adaptar o modificar su pol\u00edtica de privacidad de acuerdo con su criterio o debido a cambios legislativos.<br \/>\nNuestra pol\u00edtica de privacidad describe como recogemos, guardamos o utilizamos la informaci\u00f3n que recabamos a trav\u00e9s de los diferentes servicios o p\u00e1ginas disponibles en este sitio. Es importante que entienda que informaci\u00f3n recogemos y como la utilizamos ya que el acceso a este sitio implica la aceptaci\u00f3n nuestra pol\u00edtica de privacidad.<br \/>\n5 .COOKIES<br \/>\nEl acceso a este puede implicar la utilizaci\u00f3n de cookies. Las cookies son peque\u00f1as cantidades de informaci\u00f3n que se almacenan en el navegador utilizado por cada usuario para que el servidor recuerde cierta informaci\u00f3n que posteriormente pueda utilizar. Esta informaci\u00f3n permite identificarle a usted como un usuario concreto y permite guardar sus preferencias personales, as\u00ed como informaci\u00f3n t\u00e9cnica como pueden ser visitas o p\u00e1ginas concretas que visite.<br \/>\nAquellos usuarios que no deseen recibir cookies o quieran ser informados antes de que se almacenen en su computadora, pueden configurar su navegador a tal efecto.<br \/>\nLa mayor parte de los navegadores de hoy en d\u00eda permiten la gesti\u00f3n de las cookies de 3 formas diferentes:<br \/>\n1. Las cookies no se aceptan nunca.<br \/>\n2. El navegador pregunta al usuario si se debe aceptar cada cookie.<br \/>\n3. Las cookies se aceptan siempre.El navegador tambi\u00e9n puede incluir la posibilidad de especificar mejor qu\u00e9 cookiestienen que ser aceptadas y cu\u00e1les no. En concreto, el usuario puede normalmente aceptar alguna de las siguientes opciones:<br \/>\n1. rechazar las cookies de determinados dominios;<br \/>\n2. rechazar las cookies de terceros;<br \/>\n3. aceptar cookies como no persistentes (se eliminan cuando el navegador se cierra);<br \/>\n4. permitir al servidor crear cookies para un dominio diferente.<br \/>\n6. COOKIE DART<br \/>\n\u2013 Google, como proveedor asociado, utiliza cookies para publicar anuncios en yapa.es.<br \/>\n\u2013 Puedes inhabilitar el uso de la cookie de DART del sistema de anuncios de Google accediendo al centro de privacidad de Google.Adem\u00e1s, los navegadores pueden tambi\u00e9n permitir a los usuarios ver y borrar cookies individualmente.<\/p>\n<p>Dispone de m\u00e1s informaci\u00f3n sobre las Cookies en: Wikipedia<\/p>\n<p>7. WEB BEACONS<br \/>\nEste sitio puede albergar tambi\u00e9n web beacons (tambi\u00e9n conocidos como web bugs). Los web beacons suelen ser peque\u00f1as im\u00e1genes de un pixel por un pixel, visibles o invisibles colocados dentro del c\u00f3digo fuente de las p\u00e1ginas web de un sitio. Los web beacons sirven y se utilizan de una forma similar a las cookies. Adem\u00e1s, los web beacons suelen utilizarse para medir el tr\u00e1fico de usuarios que visitan una p\u00e1gina web y poder sacar un patr\u00f3n de los usuarios de un sitio.<br \/>\nDispone de m\u00e1s informaci\u00f3n sobre los web beacons en: Wikipedia<br \/>\n8. TERCEROS<br \/>\nEn algunos casos, compartimos informaci\u00f3n sobre los visitantes de este sitio de forma an\u00f3nima o agregada con terceros como puedan ser anunciantes, patrocinadores o auditores con el \u00fanico fin de mejorar nuestros servicios. Todas estas tareas de procesamiento ser\u00e1n reguladas seg\u00fan las normas legales y se respetar\u00e1n todos sus derechos en materia de protecci\u00f3n de datos conforme a la regulaci\u00f3n vigente.<br \/>\nEste sitio mide el tr\u00e1fico con diferentes soluciones que pueden utilizar cookies o web beacons para analizar lo que sucede en nuestras p\u00e1ginas. Actualmente utilizamos las siguientes soluciones para la medici\u00f3n del tr\u00e1fico de este sitio. Puede ver m\u00e1s informaci\u00f3n sobre la pol\u00edtica de privacidad de cada una de las soluciones utilizadas para tal efecto:<br \/>\n\u2013 Google (Analytics): Pol\u00edtica de Privacidad de Google Analytics\u2013 Automattic \/ Quantcast (JetPack Stats): Pol\u00edtica de privacidad de Automattic y Quantcast.<br \/>\n\u2013 Disqus (sistema de comentarios): Pol\u00edtica de privacidad de Disqus Este sitio tambi\u00e9n puede albergar publicidad propia, de afiliados, o de redes publicitarias. Esta publicidad se muestra mediante servidores publicitarios que tambi\u00e9n utilizan cookies para mostrar contenidos publicitarios afines a los usuarios. Cada uno de estos servidores publicitarios dispone de su propia pol\u00edtica de privacidad, que puede ser consultada en sus propias p\u00e1ginas web.<br \/>\n9. OTRAS DE LAS CONDICIONES DE USO EXIGIDAS DE ESTE SITO WEB SON:<br \/>\nEl usuario se compromete a hacer un uso diligente del sitio web y de los servicios accesibles desde el mismo, con total sujeci\u00f3n a la Ley, a las buenas costumbres y al presente aviso legal. Asimismo, se compromete, salvo autorizaci\u00f3n previa, expresa y escrita de yapa.es a utilizar la informaci\u00f3n contenida en el sitio web, exclusivamente para su informaci\u00f3n, no pudiendo realizar ni directa ni indirectamente una explotaci\u00f3n comercial de los contenidos a los que tiene acceso.<br \/>\nEste sitio almacena un fichero de datos relativos a los comentarios enviados a este sitio. Podr\u00e1 ejercitar sus derechos de acceso, rectificaci\u00f3n, cancelaci\u00f3n u oposici\u00f3n mediante un env\u00edo de un correo electr\u00f3nico a la direcci\u00f3n mario@mariof.es.<br \/>\nEste sitio web contiene hiperenlaces que conducen a otras p\u00e1ginas web gestionadas por terceros ajenos a nuestra organizaci\u00f3n. yapa.es no garantiza ni se hace responsable del contenido que se recoja en dichas paginas web.<br \/>\nSalvo autorizaci\u00f3n expresa, previa y por escrito de yapa.es, queda terminantemente prohibida la reproducci\u00f3n, excepto para uso privado, la transformaci\u00f3n, y en general cualquier otra forma de explotaci\u00f3n, por cualquier procedimiento, de todo o parte de los contenidos de este sitio web.<br \/>\nQueda terminantemente prohibido realizar, sin el previo consentimiento de yapa.es cualquier manipulaci\u00f3n o alteraci\u00f3n de este sitio web. Consecuentemente, yapa.es no asumir\u00e1 ninguna responsabilidad derivada, o que pudiera derivarse, de dicha alteraci\u00f3n o manipulaci\u00f3n por terceros.<\/p>\n<\/div>\n\t\t\t\t\t\t<\/div>\n\t\t\t\t<\/div>\n\t\t\t\t\t<\/div>\n\t\t<\/div>\n\t\t\t\t\t<\/div>\n\t\t<\/section>\n\t\t\t\t<\/div>\n\t\t","protected":false},"excerpt":{"rendered":"","protected":false},"author":1002133,"featured_media":0,"parent":0,"menu_order":0,"comment_status":"closed","ping_status":"closed","template":"","meta":{"footnotes":""},"class_list":["post-220286","page","type-page","status-publish","hentry"],"yoast_head":"<!-- This site is optimized with the Yoast SEO plugin v27.4 - https:\/\/yoast.com\/product\/yoast-seo-wordpress\/ -->\n<title>Pol\u00edtica de privacidad - Mario F.<\/title>\n<meta name=\"robots\" content=\"index, follow, max-snippet:-1, max-image-preview:large, max-video-preview:-1\" \/>\n<link rel=\"canonical\" href=\"https:\/\/mariof.es\/politica-de-privacidad\/\" \/>\n<meta property=\"og:locale\" content=\"es_ES\" \/>\n<meta property=\"og:type\" content=\"article\" \/>\n<meta property=\"og:title\" content=\"Pol\u00edtica de privacidad - Mario F.\" \/>\n<meta property=\"og:url\" content=\"https:\/\/mariof.es\/politica-de-privacidad\/\" \/>\n<meta property=\"og:site_name\" content=\"Mario F.\" \/>\n<meta property=\"article:publisher\" content=\"https:\/\/www.facebook.com\/Yapa-110659060486905\/\" \/>\n<meta property=\"article:modified_time\" content=\"2020-12-09T19:59:47+00:00\" \/>\n<meta name=\"twitter:card\" content=\"summary_large_image\" \/>\n<script type=\"application\/ld+json\" class=\"yoast-schema-graph\">{\"@context\":\"https:\\\/\\\/schema.org\",\"@graph\":[{\"@type\":\"WebPage\",\"@id\":\"https:\\\/\\\/mariof.es\\\/politica-de-privacidad\\\/\",\"url\":\"https:\\\/\\\/mariof.es\\\/politica-de-privacidad\\\/\",\"name\":\"Pol\u00edtica de privacidad - Mario F.\",\"isPartOf\":{\"@id\":\"https:\\\/\\\/mariof.es\\\/#website\"},\"datePublished\":\"2020-12-09T19:58:41+00:00\",\"dateModified\":\"2020-12-09T19:59:47+00:00\",\"breadcrumb\":{\"@id\":\"https:\\\/\\\/mariof.es\\\/politica-de-privacidad\\\/#breadcrumb\"},\"inLanguage\":\"es\",\"potentialAction\":[{\"@type\":\"ReadAction\",\"target\":[\"https:\\\/\\\/mariof.es\\\/politica-de-privacidad\\\/\"]}]},{\"@type\":\"BreadcrumbList\",\"@id\":\"https:\\\/\\\/mariof.es\\\/politica-de-privacidad\\\/#breadcrumb\",\"itemListElement\":[{\"@type\":\"ListItem\",\"position\":1,\"name\":\"Portada\",\"item\":\"https:\\\/\\\/mariof.es\\\/es\\\/\"},{\"@type\":\"ListItem\",\"position\":2,\"name\":\"Pol\u00edtica de privacidad\"}]},{\"@type\":\"WebSite\",\"@id\":\"https:\\\/\\\/mariof.es\\\/#website\",\"url\":\"https:\\\/\\\/mariof.es\\\/\",\"name\":\"Mario F.\",\"description\":\"Fotografo y dise\u00f1ador web\",\"potentialAction\":[{\"@type\":\"SearchAction\",\"target\":{\"@type\":\"EntryPoint\",\"urlTemplate\":\"https:\\\/\\\/mariof.es\\\/?s={search_term_string}\"},\"query-input\":{\"@type\":\"PropertyValueSpecification\",\"valueRequired\":true,\"valueName\":\"search_term_string\"}}],\"inLanguage\":\"es\"}]}<\/script>\n<!-- \/ Yoast SEO plugin. -->","yoast_head_json":{"title":"Pol\u00edtica de privacidad - Mario F.","robots":{"index":"index","follow":"follow","max-snippet":"max-snippet:-1","max-image-preview":"max-image-preview:large","max-video-preview":"max-video-preview:-1"},"canonical":"https:\/\/mariof.es\/politica-de-privacidad\/","og_locale":"es_ES","og_type":"article","og_title":"Pol\u00edtica de privacidad - Mario F.","og_url":"https:\/\/mariof.es\/politica-de-privacidad\/","og_site_name":"Mario F.","article_publisher":"https:\/\/www.facebook.com\/Yapa-110659060486905\/","article_modified_time":"2020-12-09T19:59:47+00:00","twitter_card":"summary_large_image","schema":{"@context":"https:\/\/schema.org","@graph":[{"@type":"WebPage","@id":"https:\/\/mariof.es\/politica-de-privacidad\/","url":"https:\/\/mariof.es\/politica-de-privacidad\/","name":"Pol\u00edtica de privacidad - Mario F.","isPartOf":{"@id":"https:\/\/mariof.es\/#website"},"datePublished":"2020-12-09T19:58:41+00:00","dateModified":"2020-12-09T19:59:47+00:00","breadcrumb":{"@id":"https:\/\/mariof.es\/politica-de-privacidad\/#breadcrumb"},"inLanguage":"es","potentialAction":[{"@type":"ReadAction","target":["https:\/\/mariof.es\/politica-de-privacidad\/"]}]},{"@type":"BreadcrumbList","@id":"https:\/\/mariof.es\/politica-de-privacidad\/#breadcrumb","itemListElement":[{"@type":"ListItem","position":1,"name":"Portada","item":"https:\/\/mariof.es\/es\/"},{"@type":"ListItem","position":2,"name":"Pol\u00edtica de privacidad"}]},{"@type":"WebSite","@id":"https:\/\/mariof.es\/#website","url":"https:\/\/mariof.es\/","name":"Mario F.","description":"Fotografo y dise\u00f1ador web","potentialAction":[{"@type":"SearchAction","target":{"@type":"EntryPoint","urlTemplate":"https:\/\/mariof.es\/?s={search_term_string}"},"query-input":{"@type":"PropertyValueSpecification","valueRequired":true,"valueName":"search_term_string"}}],"inLanguage":"es"}]}},"_links":{"self":[{"href":"https:\/\/mariof.es\/es\/wp-json\/wp\/v2\/pages\/220286","targetHints":{"allow":["GET"]}}],"collection":[{"href":"https:\/\/mariof.es\/es\/wp-json\/wp\/v2\/pages"}],"about":[{"href":"https:\/\/mariof.es\/es\/wp-json\/wp\/v2\/types\/page"}],"author":[{"embeddable":true,"href":"https:\/\/mariof.es\/es\/wp-json\/wp\/v2\/users\/1002133"}],"replies":[{"embeddable":true,"href":"https:\/\/mariof.es\/es\/wp-json\/wp\/v2\/comments?post=220286"}],"version-history":[{"count":3,"href":"https:\/\/mariof.es\/es\/wp-json\/wp\/v2\/pages\/220286\/revisions"}],"predecessor-version":[{"id":220290,"href":"https:\/\/mariof.es\/es\/wp-json\/wp\/v2\/pages\/220286\/revisions\/220290"}],"wp:attachment":[{"href":"https:\/\/mariof.es\/es\/wp-json\/wp\/v2\/media?parent=220286"}],"curies":[{"name":"wp","href":"https:\/\/api.w.org\/{rel}","templated":true}]}}