{"id":220350,"date":"2020-12-10T10:12:08","date_gmt":"2020-12-10T10:12:08","guid":{"rendered":"https:\/\/mariof.es\/?page_id=220350"},"modified":"2023-08-21T16:52:06","modified_gmt":"2023-08-21T16:52:06","slug":"fotos-y-videos","status":"publish","type":"page","link":"https:\/\/mariof.es\/es\/fotos-y-videos\/","title":{"rendered":"Fotos y videos"},"content":{"rendered":"<p>[vc_row][vc_column][vc_column_text]\u00a1Destaca las propiedades como nunca antes con nuestros servicios de fotograf\u00eda y video inmobiliario en Marbella! Como experto fot\u00f3grafo, te brindo la soluci\u00f3n perfecta para presentar propiedades de manera impresionante.<\/p>\n<p>Nuestras c\u00e1maras DSLR profesional y la tecnolog\u00eda de dron nos permiten capturar cada aspecto de las propiedades con una claridad y perspectiva excepcionales. Ya sea que necesites mostrar un lujoso chalet, un moderno apartamento o cualquier otro tipo de propiedad, estamos aqu\u00ed para garantizar que cada rinc\u00f3n se presente en su mejor luz.<\/p>\n<p>Nuestro proceso es simple y eficiente. Puedes reservar nuestros servicios directamente en nuestra p\u00e1gina web, eligiendo el paquete que mejor se adapte a tus necesidades. Y lo m\u00e1s importante, el pago no es un problema en ese momento. Queremos que te sientas c\u00f3modo y seguro, por lo que te ofrecemos la opci\u00f3n de pagar al momento de recibir el material fotogr\u00e1fico y de video.<\/p>\n<p>Entendemos que en el mercado inmobiliario, la presentaci\u00f3n es clave. Cada foto y video que creamos est\u00e1 dise\u00f1ado para resaltar las caracter\u00edsticas \u00fanicas de cada propiedad y ayudar a los posibles compradores a visualizar su futuro hogar.<\/p>\n<p>Si est\u00e1s buscando resaltar tus propiedades inmobiliarias y atraer a m\u00e1s compradores, no dudes en ponerte en contacto con nosotros. Estamos comprometidos en ofrecer un servicio profesional y personalizado que elevar\u00e1 tu marketing inmobiliario al siguiente nivel. \u00a1Esperamos tener la oportunidad de trabajar contigo y ayudarte a vender tus propiedades de manera efectiva![\/vc_column_text][\/vc_column][\/vc_row][vc_row][vc_column width=\u00bb1\/2&#8243;]<div class=\"woocommerce \"><ul class=\"products columns-4\">\n<li class=\"product type-product post-220219 status-publish first instock product_cat-video-dron has-post-thumbnail featured taxable shipping-taxable purchasable product-type-variable\">\r\n\r\n\t\r\n    <div class=\"product_thumbnail_wrapper \">\r\n\r\n\t\t<a href=\"https:\/\/mariof.es\/es\/producto\/video-con-dron\/\" class=\"woocommerce-LoopProduct-link woocommerce-loop-product__link\">\r\n\r\n\t        <div class=\"product_thumbnail with_second_image\">\r\n\t            <img fetchpriority=\"high\" decoding=\"async\" width=\"350\" height=\"435\" src=\"https:\/\/mariof.es\/wp-content\/uploads\/2020\/12\/fotos-marbella-dron-350x435.jpg?v=1693945044\" class=\"attachment-woocommerce_thumbnail size-woocommerce_thumbnail\" alt=\"Video con dron\" \/>\t            \t            \t<span class=\"product_thumbnail_background\" style=\"background-image:url(https:\/\/mariof.es\/wp-content\/uploads\/2020\/12\/videos-dron-350x435.jpg)\"><\/span>\r\n\t        \t\t        <\/div><!--.product_thumbnail-->\r\n\t\t<\/a>\r\n\r\n\t\t\t\t\t\t\t\r\n\t\t\r\n\t\t\r\n\t\t\r\n    <\/div><!--.product_thumbnail_wrapper-->\r\n\r\n    \r\n\t<h2 class=\"woocommerce-loop-product__title\">\r\n\t\t<a href=\"https:\/\/mariof.es\/es\/producto\/video-con-dron\/\">Video con dron<\/a>\r\n\t<\/h2>\r\n\r\n\t\r\n        <div class=\"product_after_shop_loop\">\r\n        <div class=\"product_after_shop_loop_switcher\">\r\n    \r\n            \n\t<span class=\"price\"><span class=\"woocommerce-Price-amount amount\" aria-hidden=\"true\"><bdi><span class=\"woocommerce-Price-currencySymbol\">&euro;<\/span>350,00<\/bdi><\/span> <span aria-hidden=\"true\">-<\/span> <span class=\"woocommerce-Price-amount amount\" aria-hidden=\"true\"><bdi><span class=\"woocommerce-Price-currencySymbol\">&euro;<\/span>1.100,00<\/bdi><\/span><span class=\"screen-reader-text\">Rango de precios: desde &euro;350,00 hasta &euro;1.100,00<\/span><\/span>\n<a href=\"https:\/\/mariof.es\/es\/producto\/video-con-dron\/\" aria-describedby=\"woocommerce_loop_add_to_cart_link_describedby_220219\" data-quantity=\"1\" class=\"button product_type_variable add_to_cart_button\" data-product_id=\"220219\" data-product_sku=\"\" aria-label=\"Elige las opciones para &ldquo;Video con dron&rdquo;\" rel=\"nofollow\">Seleccionar opciones<\/a>\t<span id=\"woocommerce_loop_add_to_cart_link_describedby_220219\" class=\"screen-reader-text\">\n\t\tEste producto tiene m\u00faltiples variantes. Las opciones se pueden elegir en la p\u00e1gina de producto\t<\/span>\n\r\n            <\/div>\r\n    <\/div>\r\n    \r\n\t\r\n<\/li>\r\n<\/ul>\n<\/div>[\/vc_column][vc_column width=\u00bb1\/2&#8243;][\/vc_column][\/vc_row][vc_row][vc_column]<div class=\"woocommerce columns-3 \"><ul class=\"products columns-3\">\n<li class=\"product type-product post-220479 status-publish first instock product_cat-dron-photography has-post-thumbnail featured taxable shipping-taxable purchasable product-type-variable\">\r\n\r\n\t\r\n    <div class=\"product_thumbnail_wrapper \">\r\n\r\n\t\t<a href=\"https:\/\/mariof.es\/producto\/photos-with-drone\/\" class=\"woocommerce-LoopProduct-link woocommerce-loop-product__link\">\r\n\r\n\t        <div class=\"product_thumbnail with_second_image\">\r\n\t            <img decoding=\"async\" width=\"350\" height=\"435\" src=\"https:\/\/mariof.es\/wp-content\/uploads\/2020\/11\/marbella-dron-fotos-350x435.jpg\" class=\"attachment-woocommerce_thumbnail size-woocommerce_thumbnail\" alt=\"Photos with drone\" \/>\t            \t            \t<span class=\"product_thumbnail_background\" style=\"background-image:url(https:\/\/mariof.es\/wp-content\/uploads\/2020\/11\/vista-aerea-dron-350x435.jpg)\"><\/span>\r\n\t        \t\t        <\/div><!--.product_thumbnail-->\r\n\t\t<\/a>\r\n\r\n\t\t\t\t\t\t\t\r\n\t\t\r\n\t\t\r\n\t\t\r\n    <\/div><!--.product_thumbnail_wrapper-->\r\n\r\n    \r\n\t<h2 class=\"woocommerce-loop-product__title\">\r\n\t\t<a href=\"https:\/\/mariof.es\/producto\/photos-with-drone\/\">Drone photos<\/a>\r\n\t<\/h2>\r\n\r\n\t\r\n        <div class=\"product_after_shop_loop\">\r\n        <div class=\"product_after_shop_loop_switcher\">\r\n    \r\n            \n\t<span class=\"price\"><span class=\"woocommerce-Price-amount amount\" aria-hidden=\"true\"><bdi><span class=\"woocommerce-Price-currencySymbol\">&euro;<\/span>80,00<\/bdi><\/span> <span aria-hidden=\"true\">-<\/span> <span class=\"woocommerce-Price-amount amount\" aria-hidden=\"true\"><bdi><span class=\"woocommerce-Price-currencySymbol\">&euro;<\/span>180,00<\/bdi><\/span><span class=\"screen-reader-text\">Rango de precios: desde &euro;80,00 hasta &euro;180,00<\/span><\/span>\n<a href=\"https:\/\/mariof.es\/producto\/photos-with-drone\/\" aria-describedby=\"woocommerce_loop_add_to_cart_link_describedby_220479\" data-quantity=\"1\" class=\"button product_type_variable add_to_cart_button\" data-product_id=\"220479\" data-product_sku=\"\" aria-label=\"Elige las opciones para &ldquo;Drone photos&rdquo;\" rel=\"nofollow\">Seleccionar opciones<\/a>\t<span id=\"woocommerce_loop_add_to_cart_link_describedby_220479\" class=\"screen-reader-text\">\n\t\tEste producto tiene m\u00faltiples variantes. Las opciones se pueden elegir en la p\u00e1gina de producto\t<\/span>\n\r\n            <\/div>\r\n    <\/div>\r\n    \r\n\t\r\n<\/li>\r\n<li class=\"product type-product post-220239 status-publish instock product_cat-dron-video has-post-thumbnail featured taxable shipping-taxable purchasable product-type-variable\">\r\n\r\n\t\r\n    <div class=\"product_thumbnail_wrapper \">\r\n\r\n\t\t<a href=\"https:\/\/mariof.es\/producto\/video-with-drone\/\" class=\"woocommerce-LoopProduct-link woocommerce-loop-product__link\">\r\n\r\n\t        <div class=\"product_thumbnail with_second_image\">\r\n\t            <img decoding=\"async\" width=\"350\" height=\"435\" src=\"https:\/\/mariof.es\/wp-content\/uploads\/2020\/12\/fotos-marbella-dron-350x435.jpg?v=1693945040\" class=\"attachment-woocommerce_thumbnail size-woocommerce_thumbnail\" alt=\"Drone video\" \/>\t            \t            \t<span class=\"product_thumbnail_background\" style=\"background-image:url(https:\/\/mariof.es\/wp-content\/uploads\/2020\/12\/videos-dron-350x435.jpg)\"><\/span>\r\n\t        \t\t        <\/div><!--.product_thumbnail-->\r\n\t\t<\/a>\r\n\r\n\t\t\t\t\t\t\t\r\n\t\t\r\n\t\t\r\n\t\t\r\n    <\/div><!--.product_thumbnail_wrapper-->\r\n\r\n    \r\n\t<h2 class=\"woocommerce-loop-product__title\">\r\n\t\t<a href=\"https:\/\/mariof.es\/producto\/video-with-drone\/\">Drone video<\/a>\r\n\t<\/h2>\r\n\r\n\t\r\n        <div class=\"product_after_shop_loop\">\r\n        <div class=\"product_after_shop_loop_switcher\">\r\n    \r\n            \n\t<span class=\"price\"><span class=\"woocommerce-Price-amount amount\" aria-hidden=\"true\"><bdi><span class=\"woocommerce-Price-currencySymbol\">&euro;<\/span>350,00<\/bdi><\/span> <span aria-hidden=\"true\">-<\/span> <span class=\"woocommerce-Price-amount amount\" aria-hidden=\"true\"><bdi><span class=\"woocommerce-Price-currencySymbol\">&euro;<\/span>1.100,00<\/bdi><\/span><span class=\"screen-reader-text\">Rango de precios: desde &euro;350,00 hasta &euro;1.100,00<\/span><\/span>\n<a href=\"https:\/\/mariof.es\/producto\/video-with-drone\/\" aria-describedby=\"woocommerce_loop_add_to_cart_link_describedby_220239\" data-quantity=\"1\" class=\"button product_type_variable add_to_cart_button\" data-product_id=\"220239\" data-product_sku=\"\" aria-label=\"Elige las opciones para &ldquo;Drone video&rdquo;\" rel=\"nofollow\">Seleccionar opciones<\/a>\t<span id=\"woocommerce_loop_add_to_cart_link_describedby_220239\" class=\"screen-reader-text\">\n\t\tEste producto tiene m\u00faltiples variantes. Las opciones se pueden elegir en la p\u00e1gina de producto\t<\/span>\n\r\n            <\/div>\r\n    <\/div>\r\n    \r\n\t\r\n<\/li>\r\n<li class=\"product type-product post-226621 status-publish last instock product_cat-nfc-cards has-post-thumbnail sale taxable shipping-taxable purchasable product-type-simple\">\r\n\r\n\t\r\n    <div class=\"product_thumbnail_wrapper \">\r\n\r\n\t\t<a href=\"https:\/\/mariof.es\/producto\/cards-scenes-google\/\" class=\"woocommerce-LoopProduct-link woocommerce-loop-product__link\">\r\n\r\n\t        <div class=\"product_thumbnail with_second_image\">\r\n\t            <img loading=\"lazy\" decoding=\"async\" width=\"350\" height=\"435\" src=\"https:\/\/mariof.es\/wp-content\/uploads\/2023\/09\/tarjetas-de-resenas-google-350x435.jpg\" class=\"attachment-woocommerce_thumbnail size-woocommerce_thumbnail\" alt=\"NFC cards\" \/>\t            \t            \t<span class=\"product_thumbnail_background\" style=\"background-image:url(https:\/\/mariof.es\/wp-content\/uploads\/2023\/09\/tarjeta-resenas-google--350x435.png)\"><\/span>\r\n\t        \t\t        <\/div><!--.product_thumbnail-->\r\n\t\t<\/a>\r\n\r\n\t\t\t\t\t\t\t\r\n\t\t\n\t<span class=\"onsale\">Sale!<\/span>\n\t\r\n\t\t\r\n\t\t\r\n    <\/div><!--.product_thumbnail_wrapper-->\r\n\r\n    \r\n\t<h2 class=\"woocommerce-loop-product__title\">\r\n\t\t<a href=\"https:\/\/mariof.es\/producto\/cards-scenes-google\/\">Google review cards<\/a>\r\n\t<\/h2>\r\n\r\n\t\r\n        <div class=\"product_after_shop_loop\">\r\n        <div class=\"product_after_shop_loop_switcher\">\r\n    \r\n            \n\t<span class=\"price\"><del aria-hidden=\"true\"><span class=\"woocommerce-Price-amount amount\"><bdi><span class=\"woocommerce-Price-currencySymbol\">&euro;<\/span>30,00<\/bdi><\/span><\/del> <span class=\"screen-reader-text\">El precio original era: &euro;30,00.<\/span><ins aria-hidden=\"true\"><span class=\"woocommerce-Price-amount amount\"><bdi><span class=\"woocommerce-Price-currencySymbol\">&euro;<\/span>15,00<\/bdi><\/span><\/ins><span class=\"screen-reader-text\">El precio actual es: &euro;15,00.<\/span><\/span>\n<a href=\"\/es\/wp-json\/wp\/v2\/pages\/220350?add-to-cart=226621\" aria-describedby=\"woocommerce_loop_add_to_cart_link_describedby_226621\" data-quantity=\"1\" class=\"button product_type_simple add_to_cart_button ajax_add_to_cart\" data-product_id=\"226621\" data-product_sku=\"\" aria-label=\"A\u00f1adir al carrito: &ldquo;Google review cards&rdquo;\" rel=\"nofollow\" data-success_message=\"\u00abGoogle review cards\u00bb se ha a\u00f1adido a tu carrito\">A\u00f1adir al carrito<\/a>\t<span id=\"woocommerce_loop_add_to_cart_link_describedby_226621\" class=\"screen-reader-text\">\n\t\t\t<\/span>\n\r\n            <\/div>\r\n    <\/div>\r\n    \r\n\t\r\n<\/li>\r\n<li class=\"product type-product post-227087 status-publish first instock product_cat-nfc-cards has-post-thumbnail sale taxable shipping-taxable purchasable product-type-simple\">\r\n\r\n\t\r\n    <div class=\"product_thumbnail_wrapper \">\r\n\r\n\t\t<a href=\"https:\/\/mariof.es\/producto\/cards-instagram\/\" class=\"woocommerce-LoopProduct-link woocommerce-loop-product__link\">\r\n\r\n\t        <div class=\"product_thumbnail with_second_image\">\r\n\t            <img loading=\"lazy\" decoding=\"async\" width=\"350\" height=\"435\" src=\"https:\/\/mariof.es\/wp-content\/uploads\/2023\/09\/tarjetas-instagram-350x435.jpg\" class=\"attachment-woocommerce_thumbnail size-woocommerce_thumbnail\" alt=\"NFC cards\" \/>\t            \t            \t<span class=\"product_thumbnail_background\" style=\"background-image:url(https:\/\/mariof.es\/wp-content\/uploads\/2023\/09\/tarjetas-NFC-350x435.png)\"><\/span>\r\n\t        \t\t        <\/div><!--.product_thumbnail-->\r\n\t\t<\/a>\r\n\r\n\t\t\t\t\t\t\t\r\n\t\t\n\t<span class=\"onsale\">Sale!<\/span>\n\t\r\n\t\t\r\n\t\t\r\n    <\/div><!--.product_thumbnail_wrapper-->\r\n\r\n    \r\n\t<h2 class=\"woocommerce-loop-product__title\">\r\n\t\t<a href=\"https:\/\/mariof.es\/producto\/cards-instagram\/\">Instagram cards<\/a>\r\n\t<\/h2>\r\n\r\n\t\r\n        <div class=\"product_after_shop_loop\">\r\n        <div class=\"product_after_shop_loop_switcher\">\r\n    \r\n            \n\t<span class=\"price\"><del aria-hidden=\"true\"><span class=\"woocommerce-Price-amount amount\"><bdi><span class=\"woocommerce-Price-currencySymbol\">&euro;<\/span>30,00<\/bdi><\/span><\/del> <span class=\"screen-reader-text\">El precio original era: &euro;30,00.<\/span><ins aria-hidden=\"true\"><span class=\"woocommerce-Price-amount amount\"><bdi><span class=\"woocommerce-Price-currencySymbol\">&euro;<\/span>15,00<\/bdi><\/span><\/ins><span class=\"screen-reader-text\">El precio actual es: &euro;15,00.<\/span><\/span>\n<a href=\"\/es\/wp-json\/wp\/v2\/pages\/220350?add-to-cart=227087\" aria-describedby=\"woocommerce_loop_add_to_cart_link_describedby_227087\" data-quantity=\"1\" class=\"button product_type_simple add_to_cart_button ajax_add_to_cart\" data-product_id=\"227087\" data-product_sku=\"\" aria-label=\"A\u00f1adir al carrito: &ldquo;Instagram cards&rdquo;\" rel=\"nofollow\" data-success_message=\"\u00abInstagram cards\u00bb se ha a\u00f1adido a tu carrito\">A\u00f1adir al carrito<\/a>\t<span id=\"woocommerce_loop_add_to_cart_link_describedby_227087\" class=\"screen-reader-text\">\n\t\t\t<\/span>\n\r\n            <\/div>\r\n    <\/div>\r\n    \r\n\t\r\n<\/li>\r\n<li class=\"product type-product post-219215 status-publish instock product_cat-fotografia-en has-post-thumbnail featured taxable shipping-taxable purchasable product-type-variable\">\r\n\r\n\t\r\n    <div class=\"product_thumbnail_wrapper \">\r\n\r\n\t\t<a href=\"https:\/\/mariof.es\/producto\/photos-and-videos\/\" class=\"woocommerce-LoopProduct-link woocommerce-loop-product__link\">\r\n\r\n\t        <div class=\"product_thumbnail with_second_image\">\r\n\t            <img loading=\"lazy\" decoding=\"async\" width=\"350\" height=\"435\" src=\"https:\/\/mariof.es\/wp-content\/uploads\/2020\/10\/IMG_4809-350x435.jpg?v=1693946477\" class=\"attachment-woocommerce_thumbnail size-woocommerce_thumbnail\" alt=\"Real estate photo production and postproduction\" \/>\t            \t            \t<span class=\"product_thumbnail_background\" style=\"background-image:url(https:\/\/mariof.es\/wp-content\/uploads\/2020\/10\/IMG_4833-350x435.jpg?v=1693946458)\"><\/span>\r\n\t        \t\t        <\/div><!--.product_thumbnail-->\r\n\t\t<\/a>\r\n\r\n\t\t\t\t\t\t\t\r\n\t\t\r\n\t\t\r\n\t\t\r\n    <\/div><!--.product_thumbnail_wrapper-->\r\n\r\n    \r\n\t<h2 class=\"woocommerce-loop-product__title\">\r\n\t\t<a href=\"https:\/\/mariof.es\/producto\/photos-and-videos\/\">Real estate photo production and postproduction<\/a>\r\n\t<\/h2>\r\n\r\n\t\r\n        <div class=\"product_after_shop_loop\">\r\n        <div class=\"product_after_shop_loop_switcher\">\r\n    \r\n            \n\t<span class=\"price\"><span class=\"woocommerce-Price-amount amount\" aria-hidden=\"true\"><bdi><span class=\"woocommerce-Price-currencySymbol\">&euro;<\/span>100,00<\/bdi><\/span> <span aria-hidden=\"true\">-<\/span> <span class=\"woocommerce-Price-amount amount\" aria-hidden=\"true\"><bdi><span class=\"woocommerce-Price-currencySymbol\">&euro;<\/span>150,00<\/bdi><\/span><span class=\"screen-reader-text\">Rango de precios: desde &euro;100,00 hasta &euro;150,00<\/span><\/span>\n<a href=\"https:\/\/mariof.es\/producto\/photos-and-videos\/\" aria-describedby=\"woocommerce_loop_add_to_cart_link_describedby_219215\" data-quantity=\"1\" class=\"button product_type_variable add_to_cart_button\" data-product_id=\"219215\" data-product_sku=\"\" aria-label=\"Elige las opciones para &ldquo;Real estate photo production and postproduction&rdquo;\" rel=\"nofollow\">Seleccionar opciones<\/a>\t<span id=\"woocommerce_loop_add_to_cart_link_describedby_219215\" class=\"screen-reader-text\">\n\t\tEste producto tiene m\u00faltiples variantes. Las opciones se pueden elegir en la p\u00e1gina de producto\t<\/span>\n\r\n            <\/div>\r\n    <\/div>\r\n    \r\n\t\r\n<\/li>\r\n<li class=\"product type-product post-227089 status-publish last instock product_cat-nfc-cards has-post-thumbnail sale taxable shipping-taxable purchasable product-type-simple\">\r\n\r\n\t\r\n    <div class=\"product_thumbnail_wrapper \">\r\n\r\n\t\t<a href=\"https:\/\/mariof.es\/producto\/cards-whatsapp\/\" class=\"woocommerce-LoopProduct-link woocommerce-loop-product__link\">\r\n\r\n\t        <div class=\"product_thumbnail with_second_image\">\r\n\t            <img loading=\"lazy\" decoding=\"async\" width=\"350\" height=\"435\" src=\"https:\/\/mariof.es\/wp-content\/uploads\/2023\/09\/tarjetas-whatsapp-350x435.jpg\" class=\"attachment-woocommerce_thumbnail size-woocommerce_thumbnail\" alt=\"NFC cards\" \/>\t            \t            \t<span class=\"product_thumbnail_background\" style=\"background-image:url(https:\/\/mariof.es\/wp-content\/uploads\/2023\/09\/tarjetas-NFC-350x435.png)\"><\/span>\r\n\t        \t\t        <\/div><!--.product_thumbnail-->\r\n\t\t<\/a>\r\n\r\n\t\t\t\t\t\t\t\r\n\t\t\n\t<span class=\"onsale\">Sale!<\/span>\n\t\r\n\t\t\r\n\t\t\r\n    <\/div><!--.product_thumbnail_wrapper-->\r\n\r\n    \r\n\t<h2 class=\"woocommerce-loop-product__title\">\r\n\t\t<a href=\"https:\/\/mariof.es\/producto\/cards-whatsapp\/\">Whatsapp Cards<\/a>\r\n\t<\/h2>\r\n\r\n\t\r\n        <div class=\"product_after_shop_loop\">\r\n        <div class=\"product_after_shop_loop_switcher\">\r\n    \r\n            \n\t<span class=\"price\"><del aria-hidden=\"true\"><span class=\"woocommerce-Price-amount amount\"><bdi><span class=\"woocommerce-Price-currencySymbol\">&euro;<\/span>30,00<\/bdi><\/span><\/del> <span class=\"screen-reader-text\">El precio original era: &euro;30,00.<\/span><ins aria-hidden=\"true\"><span class=\"woocommerce-Price-amount amount\"><bdi><span class=\"woocommerce-Price-currencySymbol\">&euro;<\/span>15,00<\/bdi><\/span><\/ins><span class=\"screen-reader-text\">El precio actual es: &euro;15,00.<\/span><\/span>\n<a href=\"\/es\/wp-json\/wp\/v2\/pages\/220350?add-to-cart=227089\" aria-describedby=\"woocommerce_loop_add_to_cart_link_describedby_227089\" data-quantity=\"1\" class=\"button product_type_simple add_to_cart_button ajax_add_to_cart\" data-product_id=\"227089\" data-product_sku=\"\" aria-label=\"A\u00f1adir al carrito: &ldquo;Whatsapp Cards&rdquo;\" rel=\"nofollow\" data-success_message=\"\u00abWhatsapp Cards\u00bb se ha a\u00f1adido a tu carrito\">A\u00f1adir al carrito<\/a>\t<span id=\"woocommerce_loop_add_to_cart_link_describedby_227089\" class=\"screen-reader-text\">\n\t\t\t<\/span>\n\r\n            <\/div>\r\n    <\/div>\r\n    \r\n\t\r\n<\/li>\r\n<\/ul>\n<\/div>[\/vc_column][\/vc_row]<\/p>\n","protected":false},"excerpt":{"rendered":"<p>[vc_row][vc_column][vc_column_text]\u00a1Destaca las propiedades como nunca antes con nuestros servicios de fotograf\u00eda y video inmobiliario en Marbella! Como experto fot\u00f3grafo, te brindo la soluci\u00f3n perfecta para presentar propiedades de manera impresionante. Nuestras c\u00e1maras DSLR profesional y la tecnolog\u00eda de dron nos permiten capturar cada aspecto de las propiedades con una claridad y perspectiva excepcionales. Ya sea [&hellip;]<\/p>\n","protected":false},"author":1002133,"featured_media":0,"parent":0,"menu_order":0,"comment_status":"closed","ping_status":"closed","template":"","meta":{"footnotes":""},"class_list":["post-220350","page","type-page","status-publish","hentry"],"yoast_head":"<!-- This site is optimized with the Yoast SEO plugin v27.4 - https:\/\/yoast.com\/product\/yoast-seo-wordpress\/ -->\n<title>Fotos y videos - Mario F.<\/title>\n<meta name=\"robots\" content=\"index, follow, max-snippet:-1, max-image-preview:large, max-video-preview:-1\" \/>\n<link rel=\"canonical\" href=\"https:\/\/mariof.es\/fotos-y-videos\/\" \/>\n<meta property=\"og:locale\" content=\"es_ES\" \/>\n<meta property=\"og:type\" content=\"article\" \/>\n<meta property=\"og:title\" content=\"Fotos y videos - Mario F.\" \/>\n<meta property=\"og:description\" content=\"[vc_row][vc_column][vc_column_text]\u00a1Destaca las propiedades como nunca antes con nuestros servicios de fotograf\u00eda y video inmobiliario en Marbella! Como experto fot\u00f3grafo, te brindo la soluci\u00f3n perfecta para presentar propiedades de manera impresionante. Nuestras c\u00e1maras DSLR profesional y la tecnolog\u00eda de dron nos permiten capturar cada aspecto de las propiedades con una claridad y perspectiva excepcionales. Ya sea [&hellip;]\" \/>\n<meta property=\"og:url\" content=\"https:\/\/mariof.es\/fotos-y-videos\/\" \/>\n<meta property=\"og:site_name\" content=\"Mario F.\" \/>\n<meta property=\"article:publisher\" content=\"https:\/\/www.facebook.com\/Yapa-110659060486905\/\" \/>\n<meta property=\"article:modified_time\" content=\"2023-08-21T16:52:06+00:00\" \/>\n<meta name=\"twitter:card\" content=\"summary_large_image\" \/>\n<meta name=\"twitter:label1\" content=\"Tiempo de lectura\" \/>\n\t<meta name=\"twitter:data1\" content=\"1 minuto\" \/>\n<script type=\"application\/ld+json\" class=\"yoast-schema-graph\">{\"@context\":\"https:\\\/\\\/schema.org\",\"@graph\":[{\"@type\":\"WebPage\",\"@id\":\"https:\\\/\\\/mariof.es\\\/fotos-y-videos\\\/\",\"url\":\"https:\\\/\\\/mariof.es\\\/fotos-y-videos\\\/\",\"name\":\"Fotos y videos - Mario F.\",\"isPartOf\":{\"@id\":\"https:\\\/\\\/mariof.es\\\/#website\"},\"datePublished\":\"2020-12-10T10:12:08+00:00\",\"dateModified\":\"2023-08-21T16:52:06+00:00\",\"breadcrumb\":{\"@id\":\"https:\\\/\\\/mariof.es\\\/fotos-y-videos\\\/#breadcrumb\"},\"inLanguage\":\"es\",\"potentialAction\":[{\"@type\":\"ReadAction\",\"target\":[\"https:\\\/\\\/mariof.es\\\/fotos-y-videos\\\/\"]}]},{\"@type\":\"BreadcrumbList\",\"@id\":\"https:\\\/\\\/mariof.es\\\/fotos-y-videos\\\/#breadcrumb\",\"itemListElement\":[{\"@type\":\"ListItem\",\"position\":1,\"name\":\"Portada\",\"item\":\"https:\\\/\\\/mariof.es\\\/es\\\/\"},{\"@type\":\"ListItem\",\"position\":2,\"name\":\"Fotos y videos\"}]},{\"@type\":\"WebSite\",\"@id\":\"https:\\\/\\\/mariof.es\\\/#website\",\"url\":\"https:\\\/\\\/mariof.es\\\/\",\"name\":\"Mario F.\",\"description\":\"Fotografo y dise\u00f1ador web\",\"potentialAction\":[{\"@type\":\"SearchAction\",\"target\":{\"@type\":\"EntryPoint\",\"urlTemplate\":\"https:\\\/\\\/mariof.es\\\/?s={search_term_string}\"},\"query-input\":{\"@type\":\"PropertyValueSpecification\",\"valueRequired\":true,\"valueName\":\"search_term_string\"}}],\"inLanguage\":\"es\"}]}<\/script>\n<!-- \/ Yoast SEO plugin. -->","yoast_head_json":{"title":"Fotos y videos - Mario F.","robots":{"index":"index","follow":"follow","max-snippet":"max-snippet:-1","max-image-preview":"max-image-preview:large","max-video-preview":"max-video-preview:-1"},"canonical":"https:\/\/mariof.es\/fotos-y-videos\/","og_locale":"es_ES","og_type":"article","og_title":"Fotos y videos - Mario F.","og_description":"[vc_row][vc_column][vc_column_text]\u00a1Destaca las propiedades como nunca antes con nuestros servicios de fotograf\u00eda y video inmobiliario en Marbella! Como experto fot\u00f3grafo, te brindo la soluci\u00f3n perfecta para presentar propiedades de manera impresionante. Nuestras c\u00e1maras DSLR profesional y la tecnolog\u00eda de dron nos permiten capturar cada aspecto de las propiedades con una claridad y perspectiva excepcionales. Ya sea [&hellip;]","og_url":"https:\/\/mariof.es\/fotos-y-videos\/","og_site_name":"Mario F.","article_publisher":"https:\/\/www.facebook.com\/Yapa-110659060486905\/","article_modified_time":"2023-08-21T16:52:06+00:00","twitter_card":"summary_large_image","twitter_misc":{"Tiempo de lectura":"1 minuto"},"schema":{"@context":"https:\/\/schema.org","@graph":[{"@type":"WebPage","@id":"https:\/\/mariof.es\/fotos-y-videos\/","url":"https:\/\/mariof.es\/fotos-y-videos\/","name":"Fotos y videos - Mario F.","isPartOf":{"@id":"https:\/\/mariof.es\/#website"},"datePublished":"2020-12-10T10:12:08+00:00","dateModified":"2023-08-21T16:52:06+00:00","breadcrumb":{"@id":"https:\/\/mariof.es\/fotos-y-videos\/#breadcrumb"},"inLanguage":"es","potentialAction":[{"@type":"ReadAction","target":["https:\/\/mariof.es\/fotos-y-videos\/"]}]},{"@type":"BreadcrumbList","@id":"https:\/\/mariof.es\/fotos-y-videos\/#breadcrumb","itemListElement":[{"@type":"ListItem","position":1,"name":"Portada","item":"https:\/\/mariof.es\/es\/"},{"@type":"ListItem","position":2,"name":"Fotos y videos"}]},{"@type":"WebSite","@id":"https:\/\/mariof.es\/#website","url":"https:\/\/mariof.es\/","name":"Mario F.","description":"Fotografo y dise\u00f1ador web","potentialAction":[{"@type":"SearchAction","target":{"@type":"EntryPoint","urlTemplate":"https:\/\/mariof.es\/?s={search_term_string}"},"query-input":{"@type":"PropertyValueSpecification","valueRequired":true,"valueName":"search_term_string"}}],"inLanguage":"es"}]}},"_links":{"self":[{"href":"https:\/\/mariof.es\/es\/wp-json\/wp\/v2\/pages\/220350","targetHints":{"allow":["GET"]}}],"collection":[{"href":"https:\/\/mariof.es\/es\/wp-json\/wp\/v2\/pages"}],"about":[{"href":"https:\/\/mariof.es\/es\/wp-json\/wp\/v2\/types\/page"}],"author":[{"embeddable":true,"href":"https:\/\/mariof.es\/es\/wp-json\/wp\/v2\/users\/1002133"}],"replies":[{"embeddable":true,"href":"https:\/\/mariof.es\/es\/wp-json\/wp\/v2\/comments?post=220350"}],"version-history":[{"count":8,"href":"https:\/\/mariof.es\/es\/wp-json\/wp\/v2\/pages\/220350\/revisions"}],"predecessor-version":[{"id":226347,"href":"https:\/\/mariof.es\/es\/wp-json\/wp\/v2\/pages\/220350\/revisions\/226347"}],"wp:attachment":[{"href":"https:\/\/mariof.es\/es\/wp-json\/wp\/v2\/media?parent=220350"}],"curies":[{"name":"wp","href":"https:\/\/api.w.org\/{rel}","templated":true}]}}