{"id":229864,"date":"2025-07-31T14:46:26","date_gmt":"2025-07-31T14:46:26","guid":{"rendered":"https:\/\/mariof.es\/lost-password\/"},"modified":"2025-07-31T14:46:26","modified_gmt":"2025-07-31T14:46:26","slug":"lost-password","status":"publish","type":"page","link":"https:\/\/mariof.es\/es\/lost-password\/","title":{"rendered":"\u00bfHas olvidado tu contrase\u00f1a?"},"content":{"rendered":"<div class=\"sliced client login\">\n\n    <div class=\"row sliced-upper\">\n\n        <div class=\"col-sm-12 sliced-login\">\n\n\t\t\t<div id=\"password-lost-form\" class=\"widecolumn\">\n\t\t\t\t\n\t\t\t\t\n\t\t\t\t<p>\n\t\t\t\t\tIntroduce tu direcci\u00f3n de correo electr\u00f3nico y te enviaremos un enlace que puedes usar para elegir una nueva contrase\u00f1a.\t\t\t\t<\/p>\n\n\t\t\t\t<form id=\"lostpasswordform\" action=\"https:\/\/mariof.es\/my-account-2\/lost-password\/\" method=\"post\">\n\t\t\t\t\t<p class=\"form-row\">\n\t\t\t\t\t\t<label for=\"user_login\">\t\t\t\t\t\t<input type=\"text\" name=\"user_login\" id=\"user_login\">\n\t\t\t\t\t<\/p>\n\t\t\t\t\t\n\t\t\t\t\t\n\t\t\t\t\t<p class=\"lostpassword-submit\">\n\t\t\t\t\t\t<input type=\"submit\" name=\"submit\" class=\"lostpassword-button\"\n\t\t\t\t\t\t       value=\"Cambiar Contrase\u00f1a\"\/>\n\t\t\t\t\t<\/p>\n\t\t\t\t<\/form>\n\t\t\t\t\n\t\t\t\t<link rel='stylesheet' id='litespeed-cache-dummy-css' href='https:\/\/mariof.es\/wp-content\/plugins\/litespeed-cache\/assets\/css\/litespeed-dummy.css?ver=6.9.4' type='text\/css' media='all' \/>\n<script type=\"text\/javascript\" src=\"https:\/\/mariof.es\/wp-includes\/js\/dist\/hooks.min.js?ver=dd5603f07f9220ed27f1\" id=\"wp-hooks-js\"><\/script>\n<script type=\"text\/javascript\" src=\"https:\/\/stats.wp.com\/w.js?ver=202618\" id=\"woo-tracks-js\"><\/script>\n<script type=\"text\/javascript\" src=\"https:\/\/mariof.es\/wp-includes\/js\/jquery\/jquery.min.js?ver=3.7.1\" id=\"jquery-core-js\"><\/script>\n<script type=\"text\/javascript\" src=\"https:\/\/mariof.es\/wp-includes\/js\/jquery\/jquery-migrate.min.js?ver=3.4.1\" id=\"jquery-migrate-js\"><\/script>\n<script type=\"text\/javascript\" src=\"https:\/\/mariof.es\/wp-content\/plugins\/sitepress-multilingual-cms\/vendor\/otgs\/installer\/res\/js\/dismiss-nag.js?ver=3.1.13\" id=\"installer-dismiss-nag-js\"><\/script>\n<script type=\"text\/javascript\" src=\"https:\/\/mariof.es\/wp-content\/plugins\/sitepress-multilingual-cms\/vendor\/otgs\/installer\/res\/js\/install_recommended_plugin.js?ver=3.1.13\" id=\"install-recommended_plugin-js\"><\/script>\n<script src='https:\/\/www.google.com\/recaptcha\/api.js?hl=en'><\/script>\t\t\t\t\n\t\t\t<\/div>\n\n        <\/div>\n        \n    <\/div>\n\n<\/div>\n\n","protected":false},"excerpt":{"rendered":"","protected":false},"author":1002133,"featured_media":0,"parent":0,"menu_order":0,"comment_status":"closed","ping_status":"closed","template":"","meta":{"footnotes":""},"class_list":["post-229864","page","type-page","status-publish","hentry"],"yoast_head":"<!-- This site is optimized with the Yoast SEO plugin v27.5 - https:\/\/yoast.com\/product\/yoast-seo-wordpress\/ -->\n<title>\u00bfHas olvidado tu contrase\u00f1a? - Mario F.<\/title>\n<meta name=\"robots\" content=\"index, follow, max-snippet:-1, max-image-preview:large, max-video-preview:-1\" \/>\n<link rel=\"canonical\" href=\"https:\/\/mariof.es\/lost-password\/\" \/>\n<meta property=\"og:locale\" content=\"es_ES\" \/>\n<meta property=\"og:type\" content=\"article\" \/>\n<meta property=\"og:title\" content=\"\u00bfHas olvidado tu contrase\u00f1a? - Mario F.\" \/>\n<meta property=\"og:url\" content=\"https:\/\/mariof.es\/lost-password\/\" \/>\n<meta property=\"og:site_name\" content=\"Mario F.\" \/>\n<meta property=\"article:publisher\" content=\"https:\/\/www.facebook.com\/Yapa-110659060486905\/\" \/>\n<meta name=\"twitter:card\" content=\"summary_large_image\" \/>\n<script type=\"application\/ld+json\" class=\"yoast-schema-graph\">{\"@context\":\"https:\\\/\\\/schema.org\",\"@graph\":[{\"@type\":\"WebPage\",\"@id\":\"https:\\\/\\\/mariof.es\\\/lost-password\\\/\",\"url\":\"https:\\\/\\\/mariof.es\\\/lost-password\\\/\",\"name\":\"\u00bfHas olvidado tu contrase\u00f1a? - Mario F.\",\"isPartOf\":{\"@id\":\"https:\\\/\\\/mariof.es\\\/#website\"},\"datePublished\":\"2025-07-31T14:46:26+00:00\",\"breadcrumb\":{\"@id\":\"https:\\\/\\\/mariof.es\\\/lost-password\\\/#breadcrumb\"},\"inLanguage\":\"es\",\"potentialAction\":[{\"@type\":\"ReadAction\",\"target\":[\"https:\\\/\\\/mariof.es\\\/lost-password\\\/\"]}]},{\"@type\":\"BreadcrumbList\",\"@id\":\"https:\\\/\\\/mariof.es\\\/lost-password\\\/#breadcrumb\",\"itemListElement\":[{\"@type\":\"ListItem\",\"position\":1,\"name\":\"Portada\",\"item\":\"https:\\\/\\\/mariof.es\\\/es\\\/\"},{\"@type\":\"ListItem\",\"position\":2,\"name\":\"\u00bfHas olvidado tu contrase\u00f1a?\"}]},{\"@type\":\"WebSite\",\"@id\":\"https:\\\/\\\/mariof.es\\\/#website\",\"url\":\"https:\\\/\\\/mariof.es\\\/\",\"name\":\"Mario F.\",\"description\":\"Fotografo y dise\u00f1ador web\",\"potentialAction\":[{\"@type\":\"SearchAction\",\"target\":{\"@type\":\"EntryPoint\",\"urlTemplate\":\"https:\\\/\\\/mariof.es\\\/?s={search_term_string}\"},\"query-input\":{\"@type\":\"PropertyValueSpecification\",\"valueRequired\":true,\"valueName\":\"search_term_string\"}}],\"inLanguage\":\"es\"}]}<\/script>\n<!-- \/ Yoast SEO plugin. -->","yoast_head_json":{"title":"\u00bfHas olvidado tu contrase\u00f1a? - Mario F.","robots":{"index":"index","follow":"follow","max-snippet":"max-snippet:-1","max-image-preview":"max-image-preview:large","max-video-preview":"max-video-preview:-1"},"canonical":"https:\/\/mariof.es\/lost-password\/","og_locale":"es_ES","og_type":"article","og_title":"\u00bfHas olvidado tu contrase\u00f1a? - Mario F.","og_url":"https:\/\/mariof.es\/lost-password\/","og_site_name":"Mario F.","article_publisher":"https:\/\/www.facebook.com\/Yapa-110659060486905\/","twitter_card":"summary_large_image","schema":{"@context":"https:\/\/schema.org","@graph":[{"@type":"WebPage","@id":"https:\/\/mariof.es\/lost-password\/","url":"https:\/\/mariof.es\/lost-password\/","name":"\u00bfHas olvidado tu contrase\u00f1a? - Mario F.","isPartOf":{"@id":"https:\/\/mariof.es\/#website"},"datePublished":"2025-07-31T14:46:26+00:00","breadcrumb":{"@id":"https:\/\/mariof.es\/lost-password\/#breadcrumb"},"inLanguage":"es","potentialAction":[{"@type":"ReadAction","target":["https:\/\/mariof.es\/lost-password\/"]}]},{"@type":"BreadcrumbList","@id":"https:\/\/mariof.es\/lost-password\/#breadcrumb","itemListElement":[{"@type":"ListItem","position":1,"name":"Portada","item":"https:\/\/mariof.es\/es\/"},{"@type":"ListItem","position":2,"name":"\u00bfHas olvidado tu contrase\u00f1a?"}]},{"@type":"WebSite","@id":"https:\/\/mariof.es\/#website","url":"https:\/\/mariof.es\/","name":"Mario F.","description":"Fotografo y dise\u00f1ador web","potentialAction":[{"@type":"SearchAction","target":{"@type":"EntryPoint","urlTemplate":"https:\/\/mariof.es\/?s={search_term_string}"},"query-input":{"@type":"PropertyValueSpecification","valueRequired":true,"valueName":"search_term_string"}}],"inLanguage":"es"}]}},"_links":{"self":[{"href":"https:\/\/mariof.es\/es\/wp-json\/wp\/v2\/pages\/229864","targetHints":{"allow":["GET"]}}],"collection":[{"href":"https:\/\/mariof.es\/es\/wp-json\/wp\/v2\/pages"}],"about":[{"href":"https:\/\/mariof.es\/es\/wp-json\/wp\/v2\/types\/page"}],"author":[{"embeddable":true,"href":"https:\/\/mariof.es\/es\/wp-json\/wp\/v2\/users\/1002133"}],"replies":[{"embeddable":true,"href":"https:\/\/mariof.es\/es\/wp-json\/wp\/v2\/comments?post=229864"}],"version-history":[{"count":0,"href":"https:\/\/mariof.es\/es\/wp-json\/wp\/v2\/pages\/229864\/revisions"}],"wp:attachment":[{"href":"https:\/\/mariof.es\/es\/wp-json\/wp\/v2\/media?parent=229864"}],"curies":[{"name":"wp","href":"https:\/\/api.w.org\/{rel}","templated":true}]}}