{"id":219178,"date":"2020-11-21T20:55:03","date_gmt":"2020-11-21T20:55:03","guid":{"rendered":"https:\/\/mariof.es\/?post_type=product&#038;p=219178"},"modified":"2023-09-21T16:54:51","modified_gmt":"2023-09-21T16:54:51","slug":"fotos-y-videos","status":"publish","type":"product","link":"https:\/\/mariof.es\/es\/producto\/fotos-y-videos\/","title":{"rendered":"Producci\u00f3n y postproducci\u00f3n de fotos de inmobiliaria"},"content":{"rendered":"","protected":false},"excerpt":{"rendered":"<p>Producci\u00f3n y postproducci\u00f3n de fotos de los apartamentos, casas, y villas para las inmobiliarias y plataformas de alquiler de alojamientos turisticos (airbnb, booking etc.), interiores y exteriores de empresas, restaurantes, fotos de comida, eventos&#8230;<br \/>\nEl precio es para la produccion de las fotos en un unico sitio e incluye el desplazamiento hasta 20 kilometros desde Marbella.<\/p>\n","protected":false},"featured_media":218711,"comment_status":"open","ping_status":"closed","template":"","meta":[],"product_brand":[],"product_cat":[217],"product_tag":[],"class_list":{"0":"post-219178","1":"product","2":"type-product","3":"status-publish","4":"has-post-thumbnail","6":"product_cat-fotografia","8":"first","9":"instock","10":"featured","11":"taxable","12":"shipping-taxable","13":"purchasable","14":"product-type-variable"},"yoast_head":"<!-- This site is optimized with the Yoast SEO plugin v27.4 - https:\/\/yoast.com\/product\/yoast-seo-wordpress\/ -->\n<title>Producci\u00f3n y postproducci\u00f3n de fotos de inmobiliaria - Mario F.<\/title>\n<meta name=\"robots\" content=\"index, follow, max-snippet:-1, max-image-preview:large, max-video-preview:-1\" \/>\n<link rel=\"canonical\" href=\"https:\/\/mariof.es\/producto\/fotos-y-videos\/\" \/>\n<meta property=\"og:locale\" content=\"es_ES\" \/>\n<meta property=\"og:type\" content=\"article\" \/>\n<meta property=\"og:title\" content=\"Producci\u00f3n y postproducci\u00f3n de fotos de inmobiliaria - Mario F.\" \/>\n<meta property=\"og:description\" content=\"Producci\u00f3n y postproducci\u00f3n de fotos de los apartamentos, casas, y villas para las inmobiliarias y plataformas de alquiler de alojamientos turisticos (airbnb, booking etc.), interiores y exteriores de empresas, restaurantes, fotos de comida, eventos... El precio es para la produccion de las fotos en un unico sitio e incluye el desplazamiento hasta 20 kilometros desde Marbella.\" \/>\n<meta property=\"og:url\" content=\"https:\/\/mariof.es\/producto\/fotos-y-videos\/\" \/>\n<meta property=\"og:site_name\" content=\"Mario F.\" \/>\n<meta property=\"article:publisher\" content=\"https:\/\/www.facebook.com\/Yapa-110659060486905\/\" \/>\n<meta property=\"article:modified_time\" content=\"2023-09-21T16:54:51+00:00\" \/>\n<meta property=\"og:image\" content=\"https:\/\/mariof.es\/wp-content\/uploads\/2020\/10\/IMG_4809.jpg\" \/>\n\t<meta property=\"og:image:width\" content=\"1600\" \/>\n\t<meta property=\"og:image:height\" content=\"1067\" \/>\n\t<meta property=\"og:image:type\" content=\"image\/jpeg\" \/>\n<meta name=\"twitter:card\" content=\"summary_large_image\" \/>\n<script type=\"application\/ld+json\" class=\"yoast-schema-graph\">{\"@context\":\"https:\\\/\\\/schema.org\",\"@graph\":[{\"@type\":\"WebPage\",\"@id\":\"https:\\\/\\\/mariof.es\\\/producto\\\/fotos-y-videos\\\/\",\"url\":\"https:\\\/\\\/mariof.es\\\/producto\\\/fotos-y-videos\\\/\",\"name\":\"Producci\u00f3n y postproducci\u00f3n de fotos de inmobiliaria - Mario F.\",\"isPartOf\":{\"@id\":\"https:\\\/\\\/mariof.es\\\/#website\"},\"primaryImageOfPage\":{\"@id\":\"https:\\\/\\\/mariof.es\\\/producto\\\/fotos-y-videos\\\/#primaryimage\"},\"image\":{\"@id\":\"https:\\\/\\\/mariof.es\\\/producto\\\/fotos-y-videos\\\/#primaryimage\"},\"thumbnailUrl\":\"https:\\\/\\\/mariof.es\\\/wp-content\\\/uploads\\\/2020\\\/10\\\/IMG_4809.jpg?v=1693946480\",\"datePublished\":\"2020-11-21T20:55:03+00:00\",\"dateModified\":\"2023-09-21T16:54:51+00:00\",\"breadcrumb\":{\"@id\":\"https:\\\/\\\/mariof.es\\\/producto\\\/fotos-y-videos\\\/#breadcrumb\"},\"inLanguage\":\"es\",\"potentialAction\":[{\"@type\":\"ReadAction\",\"target\":[\"https:\\\/\\\/mariof.es\\\/producto\\\/fotos-y-videos\\\/\"]}]},{\"@type\":\"ImageObject\",\"inLanguage\":\"es\",\"@id\":\"https:\\\/\\\/mariof.es\\\/producto\\\/fotos-y-videos\\\/#primaryimage\",\"url\":\"https:\\\/\\\/mariof.es\\\/wp-content\\\/uploads\\\/2020\\\/10\\\/IMG_4809.jpg?v=1693946480\",\"contentUrl\":\"https:\\\/\\\/mariof.es\\\/wp-content\\\/uploads\\\/2020\\\/10\\\/IMG_4809.jpg?v=1693946480\",\"width\":1600,\"height\":1067,\"caption\":\"Producci\u00f3n y postproducci\u00f3n de fotos de inmobiliaria\"},{\"@type\":\"BreadcrumbList\",\"@id\":\"https:\\\/\\\/mariof.es\\\/producto\\\/fotos-y-videos\\\/#breadcrumb\",\"itemListElement\":[{\"@type\":\"ListItem\",\"position\":1,\"name\":\"Portada\",\"item\":\"https:\\\/\\\/mariof.es\\\/es\\\/\"},{\"@type\":\"ListItem\",\"position\":2,\"name\":\"Shop\",\"item\":\"https:\\\/\\\/mariof.es\\\/en\\\/shop-2\\\/\"},{\"@type\":\"ListItem\",\"position\":3,\"name\":\"Producci\u00f3n y postproducci\u00f3n de fotos de inmobiliaria\"}]},{\"@type\":\"WebSite\",\"@id\":\"https:\\\/\\\/mariof.es\\\/#website\",\"url\":\"https:\\\/\\\/mariof.es\\\/\",\"name\":\"Mario F.\",\"description\":\"Fotografo y dise\u00f1ador web\",\"potentialAction\":[{\"@type\":\"SearchAction\",\"target\":{\"@type\":\"EntryPoint\",\"urlTemplate\":\"https:\\\/\\\/mariof.es\\\/?s={search_term_string}\"},\"query-input\":{\"@type\":\"PropertyValueSpecification\",\"valueRequired\":true,\"valueName\":\"search_term_string\"}}],\"inLanguage\":\"es\"}]}<\/script>\n<!-- \/ Yoast SEO plugin. -->","yoast_head_json":{"title":"Producci\u00f3n y postproducci\u00f3n de fotos de inmobiliaria - Mario F.","robots":{"index":"index","follow":"follow","max-snippet":"max-snippet:-1","max-image-preview":"max-image-preview:large","max-video-preview":"max-video-preview:-1"},"canonical":"https:\/\/mariof.es\/producto\/fotos-y-videos\/","og_locale":"es_ES","og_type":"article","og_title":"Producci\u00f3n y postproducci\u00f3n de fotos de inmobiliaria - Mario F.","og_description":"Producci\u00f3n y postproducci\u00f3n de fotos de los apartamentos, casas, y villas para las inmobiliarias y plataformas de alquiler de alojamientos turisticos (airbnb, booking etc.), interiores y exteriores de empresas, restaurantes, fotos de comida, eventos... El precio es para la produccion de las fotos en un unico sitio e incluye el desplazamiento hasta 20 kilometros desde Marbella.","og_url":"https:\/\/mariof.es\/producto\/fotos-y-videos\/","og_site_name":"Mario F.","article_publisher":"https:\/\/www.facebook.com\/Yapa-110659060486905\/","article_modified_time":"2023-09-21T16:54:51+00:00","og_image":[{"width":1600,"height":1067,"url":"https:\/\/mariof.es\/wp-content\/uploads\/2020\/10\/IMG_4809.jpg","type":"image\/jpeg"}],"twitter_card":"summary_large_image","schema":{"@context":"https:\/\/schema.org","@graph":[{"@type":"WebPage","@id":"https:\/\/mariof.es\/producto\/fotos-y-videos\/","url":"https:\/\/mariof.es\/producto\/fotos-y-videos\/","name":"Producci\u00f3n y postproducci\u00f3n de fotos de inmobiliaria - Mario F.","isPartOf":{"@id":"https:\/\/mariof.es\/#website"},"primaryImageOfPage":{"@id":"https:\/\/mariof.es\/producto\/fotos-y-videos\/#primaryimage"},"image":{"@id":"https:\/\/mariof.es\/producto\/fotos-y-videos\/#primaryimage"},"thumbnailUrl":"https:\/\/mariof.es\/wp-content\/uploads\/2020\/10\/IMG_4809.jpg?v=1693946480","datePublished":"2020-11-21T20:55:03+00:00","dateModified":"2023-09-21T16:54:51+00:00","breadcrumb":{"@id":"https:\/\/mariof.es\/producto\/fotos-y-videos\/#breadcrumb"},"inLanguage":"es","potentialAction":[{"@type":"ReadAction","target":["https:\/\/mariof.es\/producto\/fotos-y-videos\/"]}]},{"@type":"ImageObject","inLanguage":"es","@id":"https:\/\/mariof.es\/producto\/fotos-y-videos\/#primaryimage","url":"https:\/\/mariof.es\/wp-content\/uploads\/2020\/10\/IMG_4809.jpg?v=1693946480","contentUrl":"https:\/\/mariof.es\/wp-content\/uploads\/2020\/10\/IMG_4809.jpg?v=1693946480","width":1600,"height":1067,"caption":"Producci\u00f3n y postproducci\u00f3n de fotos de inmobiliaria"},{"@type":"BreadcrumbList","@id":"https:\/\/mariof.es\/producto\/fotos-y-videos\/#breadcrumb","itemListElement":[{"@type":"ListItem","position":1,"name":"Portada","item":"https:\/\/mariof.es\/es\/"},{"@type":"ListItem","position":2,"name":"Shop","item":"https:\/\/mariof.es\/en\/shop-2\/"},{"@type":"ListItem","position":3,"name":"Producci\u00f3n y postproducci\u00f3n de fotos de inmobiliaria"}]},{"@type":"WebSite","@id":"https:\/\/mariof.es\/#website","url":"https:\/\/mariof.es\/","name":"Mario F.","description":"Fotografo y dise\u00f1ador web","potentialAction":[{"@type":"SearchAction","target":{"@type":"EntryPoint","urlTemplate":"https:\/\/mariof.es\/?s={search_term_string}"},"query-input":{"@type":"PropertyValueSpecification","valueRequired":true,"valueName":"search_term_string"}}],"inLanguage":"es"}]}},"_links":{"self":[{"href":"https:\/\/mariof.es\/es\/wp-json\/wp\/v2\/product\/219178","targetHints":{"allow":["GET"]}}],"collection":[{"href":"https:\/\/mariof.es\/es\/wp-json\/wp\/v2\/product"}],"about":[{"href":"https:\/\/mariof.es\/es\/wp-json\/wp\/v2\/types\/product"}],"replies":[{"embeddable":true,"href":"https:\/\/mariof.es\/es\/wp-json\/wp\/v2\/comments?post=219178"}],"wp:featuredmedia":[{"embeddable":true,"href":"https:\/\/mariof.es\/es\/wp-json\/wp\/v2\/media\/218711"}],"wp:attachment":[{"href":"https:\/\/mariof.es\/es\/wp-json\/wp\/v2\/media?parent=219178"}],"wp:term":[{"taxonomy":"product_brand","embeddable":true,"href":"https:\/\/mariof.es\/es\/wp-json\/wp\/v2\/product_brand?post=219178"},{"taxonomy":"product_cat","embeddable":true,"href":"https:\/\/mariof.es\/es\/wp-json\/wp\/v2\/product_cat?post=219178"},{"taxonomy":"product_tag","embeddable":true,"href":"https:\/\/mariof.es\/es\/wp-json\/wp\/v2\/product_tag?post=219178"}],"curies":[{"name":"wp","href":"https:\/\/api.w.org\/{rel}","templated":true}]}}