{"id":219365,"date":"2020-11-29T18:58:59","date_gmt":"2020-11-29T18:58:59","guid":{"rendered":"https:\/\/mariof.es\/?post_type=product&#038;p=219365"},"modified":"2023-09-21T16:54:32","modified_gmt":"2023-09-21T16:54:32","slug":"fotos-con-dron","status":"publish","type":"product","link":"https:\/\/mariof.es\/es\/producto\/fotos-con-dron\/","title":{"rendered":"Fotos con dron"},"content":{"rendered":"","protected":false},"excerpt":{"rendered":"<p style=\"padding-left: 40px; text-align: left;\">Producci\u00f3n y postproducci\u00f3n de fotos, desde el aire con el dron, de los apartamentos, casas, y villas para las inmobiliarias y plataformas de alquiler de alojamientos tur\u00edsticos (airbnb, booking etc.), exteriores de empresas, restaurantes, eventos etc.<br \/>\nFotos se entregan v\u00eda WeTransfer en 2 formatos, alta resoluci\u00f3n de 5344\u00d74016 pixeles para imprenta y optimizadas con 1920&#215;1280 pixeles para las paginas web y redes sociales.<br \/>\nEl precio es para la producci\u00f3n de las fotos en un \u00fanico lugar e incluye un desplazamiento hasta 20 kil\u00f3metros desde Marbella.<\/p>\n","protected":false},"featured_media":220154,"comment_status":"open","ping_status":"closed","template":"","meta":[],"product_brand":[],"product_cat":[123],"product_tag":[],"class_list":{"0":"post-219365","1":"product","2":"type-product","3":"status-publish","4":"has-post-thumbnail","6":"product_cat-fotos-con-dron","7":"pa_fotos-dron-10-fotografias","8":"pa_fotos-dron-15-fotografias","9":"pa_fotos-dron-20-fotografias-aereas-de-21mp-5344x4016-pixeles-realizadas-con-el-dron","10":"pa_fotos-dron-30-fotografias","11":"pa_fotos-dron-5-fotografias","13":"first","14":"instock","15":"featured","16":"taxable","17":"shipping-taxable","18":"purchasable","19":"product-type-variable"},"yoast_head":"<!-- This site is optimized with the Yoast SEO plugin v27.4 - https:\/\/yoast.com\/product\/yoast-seo-wordpress\/ -->\n<title>Fotos con dron - Mario F.<\/title>\n<meta name=\"robots\" content=\"index, follow, max-snippet:-1, max-image-preview:large, max-video-preview:-1\" \/>\n<link rel=\"canonical\" href=\"https:\/\/mariof.es\/producto\/fotos-con-dron\/\" \/>\n<meta property=\"og:locale\" content=\"es_ES\" \/>\n<meta property=\"og:type\" content=\"article\" \/>\n<meta property=\"og:title\" content=\"Fotos con dron - Mario F.\" \/>\n<meta property=\"og:description\" content=\"Producci\u00f3n y postproducci\u00f3n de fotos, desde el aire con el dron, de los apartamentos, casas, y villas para las inmobiliarias y plataformas de alquiler de alojamientos tur\u00edsticos (airbnb, booking etc.), exteriores de empresas, restaurantes, eventos etc. Fotos se entregan v\u00eda WeTransfer en 2 formatos, alta resoluci\u00f3n de 5344\u00d74016 pixeles para imprenta y optimizadas con 1920x1280 pixeles para las paginas web y redes sociales. El precio es para la producci\u00f3n de las fotos en un \u00fanico lugar e incluye un desplazamiento hasta 20 kil\u00f3metros desde Marbella.\" \/>\n<meta property=\"og:url\" content=\"https:\/\/mariof.es\/producto\/fotos-con-dron\/\" \/>\n<meta property=\"og:site_name\" content=\"Mario F.\" \/>\n<meta property=\"article:publisher\" content=\"https:\/\/www.facebook.com\/Yapa-110659060486905\/\" \/>\n<meta property=\"article:modified_time\" content=\"2023-09-21T16:54:32+00:00\" \/>\n<meta property=\"og:image\" content=\"https:\/\/mariof.es\/wp-content\/uploads\/2020\/11\/marbella-dron-fotos.jpg\" \/>\n\t<meta property=\"og:image:width\" content=\"1200\" \/>\n\t<meta property=\"og:image:height\" content=\"799\" \/>\n\t<meta property=\"og:image:type\" content=\"image\/jpeg\" \/>\n<meta name=\"twitter:card\" content=\"summary_large_image\" \/>\n<script type=\"application\/ld+json\" class=\"yoast-schema-graph\">{\"@context\":\"https:\\\/\\\/schema.org\",\"@graph\":[{\"@type\":\"WebPage\",\"@id\":\"https:\\\/\\\/mariof.es\\\/producto\\\/fotos-con-dron\\\/\",\"url\":\"https:\\\/\\\/mariof.es\\\/producto\\\/fotos-con-dron\\\/\",\"name\":\"Fotos con dron - Mario F.\",\"isPartOf\":{\"@id\":\"https:\\\/\\\/mariof.es\\\/#website\"},\"primaryImageOfPage\":{\"@id\":\"https:\\\/\\\/mariof.es\\\/producto\\\/fotos-con-dron\\\/#primaryimage\"},\"image\":{\"@id\":\"https:\\\/\\\/mariof.es\\\/producto\\\/fotos-con-dron\\\/#primaryimage\"},\"thumbnailUrl\":\"https:\\\/\\\/mariof.es\\\/wp-content\\\/uploads\\\/2020\\\/11\\\/marbella-dron-fotos.jpg\",\"datePublished\":\"2020-11-29T18:58:59+00:00\",\"dateModified\":\"2023-09-21T16:54:32+00:00\",\"breadcrumb\":{\"@id\":\"https:\\\/\\\/mariof.es\\\/producto\\\/fotos-con-dron\\\/#breadcrumb\"},\"inLanguage\":\"es\",\"potentialAction\":[{\"@type\":\"ReadAction\",\"target\":[\"https:\\\/\\\/mariof.es\\\/producto\\\/fotos-con-dron\\\/\"]}]},{\"@type\":\"ImageObject\",\"inLanguage\":\"es\",\"@id\":\"https:\\\/\\\/mariof.es\\\/producto\\\/fotos-con-dron\\\/#primaryimage\",\"url\":\"https:\\\/\\\/mariof.es\\\/wp-content\\\/uploads\\\/2020\\\/11\\\/marbella-dron-fotos.jpg\",\"contentUrl\":\"https:\\\/\\\/mariof.es\\\/wp-content\\\/uploads\\\/2020\\\/11\\\/marbella-dron-fotos.jpg\",\"width\":1200,\"height\":799,\"caption\":\"Fotos con dron\"},{\"@type\":\"BreadcrumbList\",\"@id\":\"https:\\\/\\\/mariof.es\\\/producto\\\/fotos-con-dron\\\/#breadcrumb\",\"itemListElement\":[{\"@type\":\"ListItem\",\"position\":1,\"name\":\"Portada\",\"item\":\"https:\\\/\\\/mariof.es\\\/es\\\/\"},{\"@type\":\"ListItem\",\"position\":2,\"name\":\"Shop\",\"item\":\"https:\\\/\\\/mariof.es\\\/en\\\/shop-2\\\/\"},{\"@type\":\"ListItem\",\"position\":3,\"name\":\"Fotos con dron\"}]},{\"@type\":\"WebSite\",\"@id\":\"https:\\\/\\\/mariof.es\\\/#website\",\"url\":\"https:\\\/\\\/mariof.es\\\/\",\"name\":\"Mario F.\",\"description\":\"Fotografo y dise\u00f1ador web\",\"potentialAction\":[{\"@type\":\"SearchAction\",\"target\":{\"@type\":\"EntryPoint\",\"urlTemplate\":\"https:\\\/\\\/mariof.es\\\/?s={search_term_string}\"},\"query-input\":{\"@type\":\"PropertyValueSpecification\",\"valueRequired\":true,\"valueName\":\"search_term_string\"}}],\"inLanguage\":\"es\"}]}<\/script>\n<!-- \/ Yoast SEO plugin. -->","yoast_head_json":{"title":"Fotos con dron - Mario F.","robots":{"index":"index","follow":"follow","max-snippet":"max-snippet:-1","max-image-preview":"max-image-preview:large","max-video-preview":"max-video-preview:-1"},"canonical":"https:\/\/mariof.es\/producto\/fotos-con-dron\/","og_locale":"es_ES","og_type":"article","og_title":"Fotos con dron - Mario F.","og_description":"Producci\u00f3n y postproducci\u00f3n de fotos, desde el aire con el dron, de los apartamentos, casas, y villas para las inmobiliarias y plataformas de alquiler de alojamientos tur\u00edsticos (airbnb, booking etc.), exteriores de empresas, restaurantes, eventos etc. Fotos se entregan v\u00eda WeTransfer en 2 formatos, alta resoluci\u00f3n de 5344\u00d74016 pixeles para imprenta y optimizadas con 1920x1280 pixeles para las paginas web y redes sociales. El precio es para la producci\u00f3n de las fotos en un \u00fanico lugar e incluye un desplazamiento hasta 20 kil\u00f3metros desde Marbella.","og_url":"https:\/\/mariof.es\/producto\/fotos-con-dron\/","og_site_name":"Mario F.","article_publisher":"https:\/\/www.facebook.com\/Yapa-110659060486905\/","article_modified_time":"2023-09-21T16:54:32+00:00","og_image":[{"width":1200,"height":799,"url":"https:\/\/mariof.es\/wp-content\/uploads\/2020\/11\/marbella-dron-fotos.jpg","type":"image\/jpeg"}],"twitter_card":"summary_large_image","schema":{"@context":"https:\/\/schema.org","@graph":[{"@type":"WebPage","@id":"https:\/\/mariof.es\/producto\/fotos-con-dron\/","url":"https:\/\/mariof.es\/producto\/fotos-con-dron\/","name":"Fotos con dron - Mario F.","isPartOf":{"@id":"https:\/\/mariof.es\/#website"},"primaryImageOfPage":{"@id":"https:\/\/mariof.es\/producto\/fotos-con-dron\/#primaryimage"},"image":{"@id":"https:\/\/mariof.es\/producto\/fotos-con-dron\/#primaryimage"},"thumbnailUrl":"https:\/\/mariof.es\/wp-content\/uploads\/2020\/11\/marbella-dron-fotos.jpg","datePublished":"2020-11-29T18:58:59+00:00","dateModified":"2023-09-21T16:54:32+00:00","breadcrumb":{"@id":"https:\/\/mariof.es\/producto\/fotos-con-dron\/#breadcrumb"},"inLanguage":"es","potentialAction":[{"@type":"ReadAction","target":["https:\/\/mariof.es\/producto\/fotos-con-dron\/"]}]},{"@type":"ImageObject","inLanguage":"es","@id":"https:\/\/mariof.es\/producto\/fotos-con-dron\/#primaryimage","url":"https:\/\/mariof.es\/wp-content\/uploads\/2020\/11\/marbella-dron-fotos.jpg","contentUrl":"https:\/\/mariof.es\/wp-content\/uploads\/2020\/11\/marbella-dron-fotos.jpg","width":1200,"height":799,"caption":"Fotos con dron"},{"@type":"BreadcrumbList","@id":"https:\/\/mariof.es\/producto\/fotos-con-dron\/#breadcrumb","itemListElement":[{"@type":"ListItem","position":1,"name":"Portada","item":"https:\/\/mariof.es\/es\/"},{"@type":"ListItem","position":2,"name":"Shop","item":"https:\/\/mariof.es\/en\/shop-2\/"},{"@type":"ListItem","position":3,"name":"Fotos con dron"}]},{"@type":"WebSite","@id":"https:\/\/mariof.es\/#website","url":"https:\/\/mariof.es\/","name":"Mario F.","description":"Fotografo y dise\u00f1ador web","potentialAction":[{"@type":"SearchAction","target":{"@type":"EntryPoint","urlTemplate":"https:\/\/mariof.es\/?s={search_term_string}"},"query-input":{"@type":"PropertyValueSpecification","valueRequired":true,"valueName":"search_term_string"}}],"inLanguage":"es"}]}},"_links":{"self":[{"href":"https:\/\/mariof.es\/es\/wp-json\/wp\/v2\/product\/219365","targetHints":{"allow":["GET"]}}],"collection":[{"href":"https:\/\/mariof.es\/es\/wp-json\/wp\/v2\/product"}],"about":[{"href":"https:\/\/mariof.es\/es\/wp-json\/wp\/v2\/types\/product"}],"replies":[{"embeddable":true,"href":"https:\/\/mariof.es\/es\/wp-json\/wp\/v2\/comments?post=219365"}],"wp:featuredmedia":[{"embeddable":true,"href":"https:\/\/mariof.es\/es\/wp-json\/wp\/v2\/media\/220154"}],"wp:attachment":[{"href":"https:\/\/mariof.es\/es\/wp-json\/wp\/v2\/media?parent=219365"}],"wp:term":[{"taxonomy":"product_brand","embeddable":true,"href":"https:\/\/mariof.es\/es\/wp-json\/wp\/v2\/product_brand?post=219365"},{"taxonomy":"product_cat","embeddable":true,"href":"https:\/\/mariof.es\/es\/wp-json\/wp\/v2\/product_cat?post=219365"},{"taxonomy":"product_tag","embeddable":true,"href":"https:\/\/mariof.es\/es\/wp-json\/wp\/v2\/product_tag?post=219365"}],"curies":[{"name":"wp","href":"https:\/\/api.w.org\/{rel}","templated":true}]}}